{"id":998,"date":"2020-07-29T15:54:54","date_gmt":"2020-07-29T20:54:54","guid":{"rendered":"https:\/\/internacional.usil.edu.pe\/nacional\/?page_id=998"},"modified":"2022-05-23T10:56:14","modified_gmt":"2022-05-23T15:56:14","slug":"work-travel","status":"publish","type":"page","link":"https:\/\/internacional.usil.edu.pe\/nacional\/programas\/presenciales\/work-travel\/","title":{"rendered":"Work &#038; Travel"},"content":{"rendered":"\n<p><strong>\u00bfEn qu\u00e9 consiste?<\/strong><\/p>\n\n\n\n<p>Work &amp; Travel es un programa de intercambio cultural patrocinado por el gobierno de EE.UU., el cual est\u00e1 dirigido a estudiantes universitarios con la finalidad de brindarles una experiencia de inmersi\u00f3n cultural \u00fanica y de trabajo en Estados Unidos durante sus vacaciones de verano (Diciembre a enero).<\/p>\n","protected":false},"excerpt":{"rendered":"<p>\u00bfEn qu\u00e9 consiste? Work &amp; Travel es un programa de intercambio cultural patrocinado por el gobierno de EE.UU., el cual est\u00e1 dirigido a estudiantes universitarios con la finalidad de brindarles una experiencia de inmersi\u00f3n cultural \u00fanica y de trabajo en Estados Unidos durante sus vacaciones de verano (Diciembre a enero).<\/p>\n","protected":false},"author":1,"featured_media":340,"parent":2180,"menu_order":0,"comment_status":"closed","ping_status":"closed","template":"template_nuevo_programas.php","meta":[],"_links":{"self":[{"href":"https:\/\/internacional.usil.edu.pe\/nacional\/wp-json\/wp\/v2\/pages\/998"}],"collection":[{"href":"https:\/\/internacional.usil.edu.pe\/nacional\/wp-json\/wp\/v2\/pages"}],"about":[{"href":"https:\/\/internacional.usil.edu.pe\/nacional\/wp-json\/wp\/v2\/types\/page"}],"author":[{"embeddable":true,"href":"https:\/\/internacional.usil.edu.pe\/nacional\/wp-json\/wp\/v2\/users\/1"}],"replies":[{"embeddable":true,"href":"https:\/\/internacional.usil.edu.pe\/nacional\/wp-json\/wp\/v2\/comments?post=998"}],"version-history":[{"count":5,"href":"https:\/\/internacional.usil.edu.pe\/nacional\/wp-json\/wp\/v2\/pages\/998\/revisions"}],"predecessor-version":[{"id":2683,"href":"https:\/\/internacional.usil.edu.pe\/nacional\/wp-json\/wp\/v2\/pages\/998\/revisions\/2683"}],"up":[{"embeddable":true,"href":"https:\/\/internacional.usil.edu.pe\/nacional\/wp-json\/wp\/v2\/pages\/2180"}],"wp:featuredmedia":[{"embeddable":true,"href":"https:\/\/internacional.usil.edu.pe\/nacional\/wp-json\/wp\/v2\/media\/340"}],"wp:attachment":[{"href":"https:\/\/internacional.usil.edu.pe\/nacional\/wp-json\/wp\/v2\/media?parent=998"}],"curies":[{"name":"wp","href":"https:\/\/api.w.org\/{rel}","templated":true}]}}