{"id":2413,"date":"2022-03-28T19:34:00","date_gmt":"2022-03-29T00:34:00","guid":{"rendered":"https:\/\/internacional.usil.edu.pe\/nacional\/?page_id=2413"},"modified":"2022-05-23T10:58:56","modified_gmt":"2022-05-23T15:58:56","slug":"intercambio-academico","status":"publish","type":"page","link":"https:\/\/internacional.usil.edu.pe\/nacional\/programas\/presenciales\/intercambio-academico\/","title":{"rendered":"Intercambio Acad\u00e9mico"},"content":{"rendered":"\n<p><strong>\u00a1Estudia en el extranjero por un semestre acad\u00e9mico pagando lo mismo en USIL!<\/strong><\/p>\n\n\n\n<p><strong>\u00bfDe qu\u00e9 se trata?<\/strong><\/p>\n\n\n\n<p>El programa de intercambio acad\u00e9mico te brinda la posibilidad de estudiar en una universidad partner en cualquier parte del mundo mientras contin\u00faas pagando lo mismo en USIL (matr\u00edcula + cuotas USIL). Puedes llevar estudiar en la universidad socia por uno o dos periodos acad\u00e9micos y avanzar tu carrera convalidando cursos de tu plan de estudios.<\/p>\n","protected":false},"excerpt":{"rendered":"<p>\u00a1Estudia en el extranjero por un semestre acad\u00e9mico pagando lo mismo en USIL! \u00bfDe qu\u00e9 se trata? El programa de intercambio acad\u00e9mico te brinda la posibilidad de estudiar en una universidad partner en cualquier parte del mundo mientras contin\u00faas pagando lo mismo en USIL (matr\u00edcula + cuotas USIL). Puedes llevar estudiar en la universidad socia [&hellip;]<\/p>\n","protected":false},"author":1,"featured_media":340,"parent":2180,"menu_order":0,"comment_status":"closed","ping_status":"closed","template":"template_nuevo_programas.php","meta":[],"_links":{"self":[{"href":"https:\/\/internacional.usil.edu.pe\/nacional\/wp-json\/wp\/v2\/pages\/2413"}],"collection":[{"href":"https:\/\/internacional.usil.edu.pe\/nacional\/wp-json\/wp\/v2\/pages"}],"about":[{"href":"https:\/\/internacional.usil.edu.pe\/nacional\/wp-json\/wp\/v2\/types\/page"}],"author":[{"embeddable":true,"href":"https:\/\/internacional.usil.edu.pe\/nacional\/wp-json\/wp\/v2\/users\/1"}],"replies":[{"embeddable":true,"href":"https:\/\/internacional.usil.edu.pe\/nacional\/wp-json\/wp\/v2\/comments?post=2413"}],"version-history":[{"count":5,"href":"https:\/\/internacional.usil.edu.pe\/nacional\/wp-json\/wp\/v2\/pages\/2413\/revisions"}],"predecessor-version":[{"id":2682,"href":"https:\/\/internacional.usil.edu.pe\/nacional\/wp-json\/wp\/v2\/pages\/2413\/revisions\/2682"}],"up":[{"embeddable":true,"href":"https:\/\/internacional.usil.edu.pe\/nacional\/wp-json\/wp\/v2\/pages\/2180"}],"wp:featuredmedia":[{"embeddable":true,"href":"https:\/\/internacional.usil.edu.pe\/nacional\/wp-json\/wp\/v2\/media\/340"}],"wp:attachment":[{"href":"https:\/\/internacional.usil.edu.pe\/nacional\/wp-json\/wp\/v2\/media?parent=2413"}],"curies":[{"name":"wp","href":"https:\/\/api.w.org\/{rel}","templated":true}]}}