{"id":2196,"date":"2021-09-28T10:41:55","date_gmt":"2021-09-28T15:41:55","guid":{"rendered":"https:\/\/internacional.usil.edu.pe\/nacional\/?page_id=2196"},"modified":"2022-05-12T15:40:58","modified_gmt":"2022-05-12T20:40:58","slug":"study-abroad-program","status":"publish","type":"page","link":"https:\/\/internacional.usil.edu.pe\/nacional\/programas\/presenciales\/study-abroad-program\/","title":{"rendered":"Study Abroad Program SIU"},"content":{"rendered":"\n<p><strong>Estudia tu pr\u00f3ximo ciclo en San Ignacio University (SIU), Miami y contin\u00faa pagando lo mismo que en USIL, Per\u00fa.*.<\/strong><\/p>\n\n\n\n<p><strong>\u00bfEn qu\u00e9 consiste?<\/strong><br>Estudia durante 4 meses en SIU, Miami y contin\u00faa avanzando tu carrera universitaria.<\/p>\n","protected":false},"excerpt":{"rendered":"<p>Estudia tu pr\u00f3ximo ciclo en San Ignacio University (SIU), Miami y contin\u00faa pagando lo mismo que en USIL, Per\u00fa.*. \u00bfEn qu\u00e9 consiste?Estudia durante 4 meses en SIU, Miami y contin\u00faa avanzando tu carrera universitaria.<\/p>\n","protected":false},"author":1,"featured_media":340,"parent":2180,"menu_order":0,"comment_status":"closed","ping_status":"closed","template":"template_nuevo_programas.php","meta":[],"_links":{"self":[{"href":"https:\/\/internacional.usil.edu.pe\/nacional\/wp-json\/wp\/v2\/pages\/2196"}],"collection":[{"href":"https:\/\/internacional.usil.edu.pe\/nacional\/wp-json\/wp\/v2\/pages"}],"about":[{"href":"https:\/\/internacional.usil.edu.pe\/nacional\/wp-json\/wp\/v2\/types\/page"}],"author":[{"embeddable":true,"href":"https:\/\/internacional.usil.edu.pe\/nacional\/wp-json\/wp\/v2\/users\/1"}],"replies":[{"embeddable":true,"href":"https:\/\/internacional.usil.edu.pe\/nacional\/wp-json\/wp\/v2\/comments?post=2196"}],"version-history":[{"count":5,"href":"https:\/\/internacional.usil.edu.pe\/nacional\/wp-json\/wp\/v2\/pages\/2196\/revisions"}],"predecessor-version":[{"id":2627,"href":"https:\/\/internacional.usil.edu.pe\/nacional\/wp-json\/wp\/v2\/pages\/2196\/revisions\/2627"}],"up":[{"embeddable":true,"href":"https:\/\/internacional.usil.edu.pe\/nacional\/wp-json\/wp\/v2\/pages\/2180"}],"wp:featuredmedia":[{"embeddable":true,"href":"https:\/\/internacional.usil.edu.pe\/nacional\/wp-json\/wp\/v2\/media\/340"}],"wp:attachment":[{"href":"https:\/\/internacional.usil.edu.pe\/nacional\/wp-json\/wp\/v2\/media?parent=2196"}],"curies":[{"name":"wp","href":"https:\/\/api.w.org\/{rel}","templated":true}]}}