{"id":2171,"date":"2021-09-23T06:32:20","date_gmt":"2021-09-23T11:32:20","guid":{"rendered":"https:\/\/internacional.usil.edu.pe\/nacional\/?page_id=2171"},"modified":"2021-09-23T07:17:46","modified_gmt":"2021-09-23T12:17:46","slug":"newsletter","status":"publish","type":"page","link":"https:\/\/internacional.usil.edu.pe\/nacional\/newsletter\/","title":{"rendered":"Newsletter"},"content":{"rendered":"\n<p style=\"color:#6b42a1\" class=\"has-text-color\"><strong>Esta es una publicaci\u00f3n trimestral en la que informamos sobre nuestras actividades y las actividades con nuestros socios internacionales.<\/strong><\/p>\n\n\n\n<p>La USIL, a trav\u00e9s de la Direcci\u00f3n de Relaciones Internacionales, mantiene alianzas con m\u00e1s de 270 instituciones internacionales, a las cuales desea mantenerlas informadas sobre sus eventos, colaboraciones, proyectos, actividades y programas en tiempos de pandemia, los cuales son relevantes para el trabajo conjunto que se est\u00e1 realizando. Aqu\u00ed compartimos la noticia de la Universidad San Ignacio de Loyola.<\/p>\n","protected":false},"excerpt":{"rendered":"<p>Esta es una publicaci\u00f3n trimestral en la que informamos sobre nuestras actividades y las actividades con nuestros socios internacionales. La USIL, a trav\u00e9s de la Direcci\u00f3n de Relaciones Internacionales, mantiene alianzas con m\u00e1s de 270 instituciones internacionales, a las cuales desea mantenerlas informadas sobre sus eventos, colaboraciones, proyectos, actividades y programas en tiempos de pandemia, [&hellip;]<\/p>\n","protected":false},"author":1,"featured_media":0,"parent":0,"menu_order":0,"comment_status":"closed","ping_status":"closed","template":"template_newsletter.php","meta":[],"_links":{"self":[{"href":"https:\/\/internacional.usil.edu.pe\/nacional\/wp-json\/wp\/v2\/pages\/2171"}],"collection":[{"href":"https:\/\/internacional.usil.edu.pe\/nacional\/wp-json\/wp\/v2\/pages"}],"about":[{"href":"https:\/\/internacional.usil.edu.pe\/nacional\/wp-json\/wp\/v2\/types\/page"}],"author":[{"embeddable":true,"href":"https:\/\/internacional.usil.edu.pe\/nacional\/wp-json\/wp\/v2\/users\/1"}],"replies":[{"embeddable":true,"href":"https:\/\/internacional.usil.edu.pe\/nacional\/wp-json\/wp\/v2\/comments?post=2171"}],"version-history":[{"count":2,"href":"https:\/\/internacional.usil.edu.pe\/nacional\/wp-json\/wp\/v2\/pages\/2171\/revisions"}],"predecessor-version":[{"id":2173,"href":"https:\/\/internacional.usil.edu.pe\/nacional\/wp-json\/wp\/v2\/pages\/2171\/revisions\/2173"}],"wp:attachment":[{"href":"https:\/\/internacional.usil.edu.pe\/nacional\/wp-json\/wp\/v2\/media?parent=2171"}],"curies":[{"name":"wp","href":"https:\/\/api.w.org\/{rel}","templated":true}]}}