{"id":207,"date":"2020-07-23T09:53:37","date_gmt":"2020-07-23T14:53:37","guid":{"rendered":"https:\/\/internacional.usil.edu.pe\/nacional\/?page_id=207"},"modified":"2022-05-10T12:20:24","modified_gmt":"2022-05-10T17:20:24","slug":"mision-y-vision","status":"publish","type":"page","link":"https:\/\/internacional.usil.edu.pe\/nacional\/nosotros\/mision-y-vision\/","title":{"rendered":"Misi\u00f3n y Visi\u00f3n"},"content":{"rendered":"\n<h2 class=\"titulo-seccion\">Misi\u00f3n<\/h2>\n\n\n\n<p class=\"mb-5\">Posicionar a la USIL como una organizaci\u00f3n educativa internacional que contribuya a la formaci\u00f3n de profesionales competitivos para las exigencias del mercado mundial.<\/p>\n\n\n\n<h2 class=\"titulo-seccion\">Visi\u00f3n<\/h2>\n\n\n\n<p>Ser una instituci\u00f3n que promueva la globalizaci\u00f3n corporativa en t\u00e9rminos acad\u00e9micos, institucionales, cient\u00edficos y formativos, con la enorme responsabilidad de desarrollar y crear las mejores condiciones para intercambios institucionales.<\/p>\n","protected":false},"excerpt":{"rendered":"<p>Misi\u00f3n Posicionar a la USIL como una organizaci\u00f3n educativa internacional que contribuya a la formaci\u00f3n de profesionales competitivos para las exigencias del mercado mundial. Visi\u00f3n Ser una instituci\u00f3n que promueva la globalizaci\u00f3n corporativa en t\u00e9rminos acad\u00e9micos, institucionales, cient\u00edficos y formativos, con la enorme responsabilidad de desarrollar y crear las mejores condiciones para intercambios institucionales.<\/p>\n","protected":false},"author":1,"featured_media":177,"parent":174,"menu_order":0,"comment_status":"closed","ping_status":"closed","template":"template_mision.php","meta":[],"_links":{"self":[{"href":"https:\/\/internacional.usil.edu.pe\/nacional\/wp-json\/wp\/v2\/pages\/207"}],"collection":[{"href":"https:\/\/internacional.usil.edu.pe\/nacional\/wp-json\/wp\/v2\/pages"}],"about":[{"href":"https:\/\/internacional.usil.edu.pe\/nacional\/wp-json\/wp\/v2\/types\/page"}],"author":[{"embeddable":true,"href":"https:\/\/internacional.usil.edu.pe\/nacional\/wp-json\/wp\/v2\/users\/1"}],"replies":[{"embeddable":true,"href":"https:\/\/internacional.usil.edu.pe\/nacional\/wp-json\/wp\/v2\/comments?post=207"}],"version-history":[{"count":5,"href":"https:\/\/internacional.usil.edu.pe\/nacional\/wp-json\/wp\/v2\/pages\/207\/revisions"}],"predecessor-version":[{"id":2534,"href":"https:\/\/internacional.usil.edu.pe\/nacional\/wp-json\/wp\/v2\/pages\/207\/revisions\/2534"}],"up":[{"embeddable":true,"href":"https:\/\/internacional.usil.edu.pe\/nacional\/wp-json\/wp\/v2\/pages\/174"}],"wp:featuredmedia":[{"embeddable":true,"href":"https:\/\/internacional.usil.edu.pe\/nacional\/wp-json\/wp\/v2\/media\/177"}],"wp:attachment":[{"href":"https:\/\/internacional.usil.edu.pe\/nacional\/wp-json\/wp\/v2\/media?parent=207"}],"curies":[{"name":"wp","href":"https:\/\/api.w.org\/{rel}","templated":true}]}}