{"id":2,"date":"2020-03-22T20:31:19","date_gmt":"2020-03-22T20:31:19","guid":{"rendered":"https:\/\/internacional.usil.edu.pe\/nacional\/?page_id=2"},"modified":"2022-03-23T22:49:21","modified_gmt":"2022-03-24T03:49:21","slug":"pagina-ejemplo","status":"publish","type":"page","link":"https:\/\/internacional.usil.edu.pe\/nacional\/","title":{"rendered":"Inicio"},"content":{"rendered":"\n<h2 class=\"titulo-seccion mt-3 altas\">\u00a1Convi\u00e9rtete en un<br>Profesional Global!<\/h2>\n\n\n\n<p class=\"descripcion-seccion\">USIL te abre las puertas al mundo gracias a sus m\u00e1s de 270 alianzas internacionales con prestigiosas universidades de Am\u00e9rica, Europa, Asia y Ocean\u00eda. Comienza tu experiencia internacional con el                                 <br><a href=\"https:\/\/internacional.usil.edu.pe\/nacional\/taller-global\/\">Taller Global Leadership Skills.<\/a><\/p>\n","protected":false},"excerpt":{"rendered":"<p>\u00a1Convi\u00e9rtete en unProfesional Global! USIL te abre las puertas al mundo gracias a sus m\u00e1s de 270 alianzas internacionales con prestigiosas universidades de Am\u00e9rica, Europa, Asia y Ocean\u00eda. Comienza tu experiencia internacional con el Taller Global Leadership Skills.<\/p>\n","protected":false},"author":1,"featured_media":0,"parent":0,"menu_order":0,"comment_status":"closed","ping_status":"open","template":"template_inicio.php","meta":[],"_links":{"self":[{"href":"https:\/\/internacional.usil.edu.pe\/nacional\/wp-json\/wp\/v2\/pages\/2"}],"collection":[{"href":"https:\/\/internacional.usil.edu.pe\/nacional\/wp-json\/wp\/v2\/pages"}],"about":[{"href":"https:\/\/internacional.usil.edu.pe\/nacional\/wp-json\/wp\/v2\/types\/page"}],"author":[{"embeddable":true,"href":"https:\/\/internacional.usil.edu.pe\/nacional\/wp-json\/wp\/v2\/users\/1"}],"replies":[{"embeddable":true,"href":"https:\/\/internacional.usil.edu.pe\/nacional\/wp-json\/wp\/v2\/comments?post=2"}],"version-history":[{"count":9,"href":"https:\/\/internacional.usil.edu.pe\/nacional\/wp-json\/wp\/v2\/pages\/2\/revisions"}],"predecessor-version":[{"id":2366,"href":"https:\/\/internacional.usil.edu.pe\/nacional\/wp-json\/wp\/v2\/pages\/2\/revisions\/2366"}],"wp:attachment":[{"href":"https:\/\/internacional.usil.edu.pe\/nacional\/wp-json\/wp\/v2\/media?parent=2"}],"curies":[{"name":"wp","href":"https:\/\/api.w.org\/{rel}","templated":true}]}}