{"id":1327,"date":"2020-08-25T13:18:16","date_gmt":"2020-08-25T18:18:16","guid":{"rendered":"https:\/\/internacional.usil.edu.pe\/nacional\/?page_id=1327"},"modified":"2020-09-29T11:15:22","modified_gmt":"2020-09-29T16:15:22","slug":"cursos-cortos-siu","status":"publish","type":"page","link":"https:\/\/internacional.usil.edu.pe\/nacional\/programas\/cursos-cortos-siu\/","title":{"rendered":"Cursos cortos SIU"},"content":{"rendered":"\n<p class=\"has-text-color\" style=\"color:#7d54b0\"><strong>\u00a1Planea tu futuro desde casa!<\/strong><br>Contenido 100% en espa\u00f1ol<\/p>\n\n\n\n<p>Lleva cursos cortos con San Ignacio University, Miami y aprende bajo una metodolog\u00eda americana. Puedes llevar los cursos SIU paralelamente a tus clases USIL, son un complemento ideal para potenciar tu \u00e9xito profesional con temas como Fundamentos y estrategias del trading, Marketing Digital, Ventas Online, entre otros.<br><br><\/p>\n","protected":false},"excerpt":{"rendered":"<p>\u00a1Planea tu futuro desde casa!Contenido 100% en espa\u00f1ol Lleva cursos cortos con San Ignacio University, Miami y aprende bajo una metodolog\u00eda americana. Puedes llevar los cursos SIU paralelamente a tus clases USIL, son un complemento ideal para potenciar tu \u00e9xito profesional con temas como Fundamentos y estrategias del trading, Marketing Digital, Ventas Online, entre otros.<\/p>\n","protected":false},"author":1,"featured_media":340,"parent":241,"menu_order":0,"comment_status":"closed","ping_status":"closed","template":"template_programas.php","meta":[],"_links":{"self":[{"href":"https:\/\/internacional.usil.edu.pe\/nacional\/wp-json\/wp\/v2\/pages\/1327"}],"collection":[{"href":"https:\/\/internacional.usil.edu.pe\/nacional\/wp-json\/wp\/v2\/pages"}],"about":[{"href":"https:\/\/internacional.usil.edu.pe\/nacional\/wp-json\/wp\/v2\/types\/page"}],"author":[{"embeddable":true,"href":"https:\/\/internacional.usil.edu.pe\/nacional\/wp-json\/wp\/v2\/users\/1"}],"replies":[{"embeddable":true,"href":"https:\/\/internacional.usil.edu.pe\/nacional\/wp-json\/wp\/v2\/comments?post=1327"}],"version-history":[{"count":5,"href":"https:\/\/internacional.usil.edu.pe\/nacional\/wp-json\/wp\/v2\/pages\/1327\/revisions"}],"predecessor-version":[{"id":1723,"href":"https:\/\/internacional.usil.edu.pe\/nacional\/wp-json\/wp\/v2\/pages\/1327\/revisions\/1723"}],"up":[{"embeddable":true,"href":"https:\/\/internacional.usil.edu.pe\/nacional\/wp-json\/wp\/v2\/pages\/241"}],"wp:featuredmedia":[{"embeddable":true,"href":"https:\/\/internacional.usil.edu.pe\/nacional\/wp-json\/wp\/v2\/media\/340"}],"wp:attachment":[{"href":"https:\/\/internacional.usil.edu.pe\/nacional\/wp-json\/wp\/v2\/media?parent=1327"}],"curies":[{"name":"wp","href":"https:\/\/api.w.org\/{rel}","templated":true}]}}