{"id":4427,"date":"2022-03-14T23:34:40","date_gmt":"2022-03-14T23:34:40","guid":{"rendered":"https:\/\/internacional.usil.edu.pe\/internacional\/?page_id=4427"},"modified":"2022-05-23T03:21:06","modified_gmt":"2022-05-23T03:21:06","slug":"literatura-latinoamericana","status":"publish","type":"page","link":"https:\/\/internacional.usil.edu.pe\/internacional\/estudia-en-usil-cusco\/programas-virtuales\/cusco-programas-online\/literatura-latinoamericana\/","title":{"rendered":"Literatura Latinoamericana"},"content":{"rendered":"\n<h2>Online Programs<\/h2>\n\n\n\n<hr class=\"wp-block-separator\"\/>\n\n\n\n<p class=\"slogan\">Online Cusco Program<\/p>\n\n\n\n<h3 class=\"mainDark altas\">Literatura Latinoamericana<\/h3>\n\n\n\n<p class=\"medium mainGray altas\">DISCOVER THE CULTURE OF PERU<\/p>\n\n\n\n<p>Este curso ofrece un viaje por la Literatura Latinoamericana, desde los inicios en la literatura pre-colombina hasta nuestros tiempos. Invita al estudiante a adentrarse en la magia y las costumbres de la literatura latinoamericana a trav\u00e9s de la lectura y el an\u00e1lisis de los textos de los escritores m\u00e1s importantes y representantes de esta literatura en un ambiente en el que los estudiantes pueden sentirse parte de ella.<\/p>\n\n\n\n<p><strong>Academic Offer<\/strong><\/p>\n\n\n\n<p>USIL International Programs ofrece nuevas oportunidades para descubrir la cultura y tradiciones peruanas para que los estudiantes se sumerjan en la historia del Per\u00fa a trav\u00e9s de nuestros programas virtuales. Los estudiantes reciben apoyo de sus profesores y, al completar el programa, un transcript oficial que indica el n\u00famero de horas acad\u00e9micas equivalentes.<\/p>\n\n\n\n<p><strong>Fees<\/strong><\/p>\n\n\n\n<p>USD 240.00<\/p>\n","protected":false},"excerpt":{"rendered":"<p>Online Programs Online Cusco Program Literatura Latinoamericana DISCOVER THE CULTURE OF PERU Este curso ofrece un viaje por la Literatura Latinoamericana, desde los inicios en la literatura pre-colombina hasta nuestros tiempos. Invita al estudiante a adentrarse en la magia y las costumbres de la literatura latinoamericana a trav\u00e9s de la lectura y el an\u00e1lisis de [&hellip;]<\/p>\n","protected":false},"author":1,"featured_media":1547,"parent":4419,"menu_order":3,"comment_status":"closed","ping_status":"closed","template":"template_item_programa_usil_cusco.php","meta":[],"yoast_head":"<!-- This site is optimized with the Yoast SEO plugin v18.3 - https:\/\/yoast.com\/wordpress\/plugins\/seo\/ -->\n<title>Literatura Latinoamericana - USIL INTERNACIONAL<\/title>\n<meta name=\"robots\" content=\"noindex, follow, max-snippet:-1, max-image-preview:large, max-video-preview:-1\" \/>\n<meta property=\"og:locale\" content=\"es_ES\" \/>\n<meta property=\"og:type\" content=\"article\" \/>\n<meta property=\"og:title\" content=\"Literatura Latinoamericana - USIL INTERNACIONAL\" \/>\n<meta property=\"og:description\" content=\"Online Programs Online Cusco Program Literatura Latinoamericana DISCOVER THE CULTURE OF PERU Este curso ofrece un viaje por la Literatura Latinoamericana, desde los inicios en la literatura pre-colombina hasta nuestros tiempos. Invita al estudiante a adentrarse en la magia y las costumbres de la literatura latinoamericana a trav\u00e9s de la lectura y el an\u00e1lisis de [&hellip;]\" \/>\n<meta property=\"og:url\" content=\"https:\/\/internacional.usil.edu.pe\/internacional\/es\/estudia-en-usil-cusco\/programas-virtuales\/cusco-programas-online\/literatura-latinoamericana\/\" \/>\n<meta property=\"og:site_name\" content=\"USIL INTERNACIONAL\" \/>\n<meta property=\"article:modified_time\" content=\"2022-05-23T03:21:06+00:00\" \/>\n<meta property=\"og:image\" content=\"https:\/\/internacional.usil.edu.pe\/internacional\/wp-content\/uploads\/2020\/08\/cusco.jpg\" \/>\n\t<meta property=\"og:image:width\" content=\"827\" \/>\n\t<meta property=\"og:image:height\" content=\"493\" \/>\n\t<meta property=\"og:image:type\" content=\"image\/jpeg\" \/>\n<meta name=\"twitter:card\" content=\"summary_large_image\" \/>\n<meta name=\"twitter:label1\" content=\"Tiempo de lectura\" \/>\n\t<meta name=\"twitter:data1\" content=\"1 minuto\" \/>\n<script type=\"application\/ld+json\" class=\"yoast-schema-graph\">{\"@context\":\"https:\/\/schema.org\",\"@graph\":[{\"@type\":\"WebSite\",\"@id\":\"https:\/\/internacional.usil.edu.pe\/internacional\/#website\",\"url\":\"https:\/\/internacional.usil.edu.pe\/internacional\/\",\"name\":\"USIL INTERNACIONAL\",\"description\":\"USIL INTERNACIONAL \",\"potentialAction\":[{\"@type\":\"SearchAction\",\"target\":{\"@type\":\"EntryPoint\",\"urlTemplate\":\"https:\/\/internacional.usil.edu.pe\/internacional\/?s={search_term_string}\"},\"query-input\":\"required name=search_term_string\"}],\"inLanguage\":\"es\"},{\"@type\":\"ImageObject\",\"@id\":\"https:\/\/internacional.usil.edu.pe\/internacional\/es\/estudia-en-usil-cusco\/programas-virtuales\/cusco-programas-online\/literatura-latinoamericana\/#primaryimage\",\"inLanguage\":\"es\",\"url\":\"https:\/\/internacional.usil.edu.pe\/internacional\/wp-content\/uploads\/2020\/08\/cusco.jpg\",\"contentUrl\":\"https:\/\/internacional.usil.edu.pe\/internacional\/wp-content\/uploads\/2020\/08\/cusco.jpg\",\"width\":827,\"height\":493},{\"@type\":\"WebPage\",\"@id\":\"https:\/\/internacional.usil.edu.pe\/internacional\/es\/estudia-en-usil-cusco\/programas-virtuales\/cusco-programas-online\/literatura-latinoamericana\/#webpage\",\"url\":\"https:\/\/internacional.usil.edu.pe\/internacional\/es\/estudia-en-usil-cusco\/programas-virtuales\/cusco-programas-online\/literatura-latinoamericana\/\",\"name\":\"Literatura Latinoamericana - USIL INTERNACIONAL\",\"isPartOf\":{\"@id\":\"https:\/\/internacional.usil.edu.pe\/internacional\/#website\"},\"primaryImageOfPage\":{\"@id\":\"https:\/\/internacional.usil.edu.pe\/internacional\/es\/estudia-en-usil-cusco\/programas-virtuales\/cusco-programas-online\/literatura-latinoamericana\/#primaryimage\"},\"datePublished\":\"2022-03-14T23:34:40+00:00\",\"dateModified\":\"2022-05-23T03:21:06+00:00\",\"breadcrumb\":{\"@id\":\"https:\/\/internacional.usil.edu.pe\/internacional\/es\/estudia-en-usil-cusco\/programas-virtuales\/cusco-programas-online\/literatura-latinoamericana\/#breadcrumb\"},\"inLanguage\":\"es\",\"potentialAction\":[{\"@type\":\"ReadAction\",\"target\":[\"https:\/\/internacional.usil.edu.pe\/internacional\/es\/estudia-en-usil-cusco\/programas-virtuales\/cusco-programas-online\/literatura-latinoamericana\/\"]}]},{\"@type\":\"BreadcrumbList\",\"@id\":\"https:\/\/internacional.usil.edu.pe\/internacional\/es\/estudia-en-usil-cusco\/programas-virtuales\/cusco-programas-online\/literatura-latinoamericana\/#breadcrumb\",\"itemListElement\":[{\"@type\":\"ListItem\",\"position\":1,\"name\":\"Portada\",\"item\":\"https:\/\/internacional.usil.edu.pe\/internacional\/es\/\"},{\"@type\":\"ListItem\",\"position\":2,\"name\":\"Estudia en USIL Cusco\",\"item\":\"https:\/\/internacional.usil.edu.pe\/internacional\/study-in-cusco\/\"},{\"@type\":\"ListItem\",\"position\":3,\"name\":\"Programas Virtuales\",\"item\":\"https:\/\/internacional.usil.edu.pe\/internacional\/study-in-cusco\/onsite-programs-2\/\"},{\"@type\":\"ListItem\",\"position\":4,\"name\":\"Cusco Programas Online\",\"item\":\"https:\/\/internacional.usil.edu.pe\/internacional\/es\/estudia-en-usil-cusco\/programas-virtuales\/cusco-programas-online\/\"},{\"@type\":\"ListItem\",\"position\":5,\"name\":\"Literatura Latinoamericana\"}]}]}<\/script>\n<!-- \/ Yoast SEO plugin. -->","yoast_head_json":{"title":"Literatura Latinoamericana - USIL INTERNACIONAL","robots":{"index":"noindex","follow":"follow","max-snippet":"max-snippet:-1","max-image-preview":"max-image-preview:large","max-video-preview":"max-video-preview:-1"},"og_locale":"es_ES","og_type":"article","og_title":"Literatura Latinoamericana - USIL INTERNACIONAL","og_description":"Online Programs Online Cusco Program Literatura Latinoamericana DISCOVER THE CULTURE OF PERU Este curso ofrece un viaje por la Literatura Latinoamericana, desde los inicios en la literatura pre-colombina hasta nuestros tiempos. Invita al estudiante a adentrarse en la magia y las costumbres de la literatura latinoamericana a trav\u00e9s de la lectura y el an\u00e1lisis de [&hellip;]","og_url":"https:\/\/internacional.usil.edu.pe\/internacional\/es\/estudia-en-usil-cusco\/programas-virtuales\/cusco-programas-online\/literatura-latinoamericana\/","og_site_name":"USIL INTERNACIONAL","article_modified_time":"2022-05-23T03:21:06+00:00","og_image":[{"width":827,"height":493,"url":"https:\/\/internacional.usil.edu.pe\/internacional\/wp-content\/uploads\/2020\/08\/cusco.jpg","type":"image\/jpeg"}],"twitter_card":"summary_large_image","twitter_misc":{"Tiempo de lectura":"1 minuto"},"schema":{"@context":"https:\/\/schema.org","@graph":[{"@type":"WebSite","@id":"https:\/\/internacional.usil.edu.pe\/internacional\/#website","url":"https:\/\/internacional.usil.edu.pe\/internacional\/","name":"USIL INTERNACIONAL","description":"USIL INTERNACIONAL ","potentialAction":[{"@type":"SearchAction","target":{"@type":"EntryPoint","urlTemplate":"https:\/\/internacional.usil.edu.pe\/internacional\/?s={search_term_string}"},"query-input":"required name=search_term_string"}],"inLanguage":"es"},{"@type":"ImageObject","@id":"https:\/\/internacional.usil.edu.pe\/internacional\/es\/estudia-en-usil-cusco\/programas-virtuales\/cusco-programas-online\/literatura-latinoamericana\/#primaryimage","inLanguage":"es","url":"https:\/\/internacional.usil.edu.pe\/internacional\/wp-content\/uploads\/2020\/08\/cusco.jpg","contentUrl":"https:\/\/internacional.usil.edu.pe\/internacional\/wp-content\/uploads\/2020\/08\/cusco.jpg","width":827,"height":493},{"@type":"WebPage","@id":"https:\/\/internacional.usil.edu.pe\/internacional\/es\/estudia-en-usil-cusco\/programas-virtuales\/cusco-programas-online\/literatura-latinoamericana\/#webpage","url":"https:\/\/internacional.usil.edu.pe\/internacional\/es\/estudia-en-usil-cusco\/programas-virtuales\/cusco-programas-online\/literatura-latinoamericana\/","name":"Literatura Latinoamericana - USIL INTERNACIONAL","isPartOf":{"@id":"https:\/\/internacional.usil.edu.pe\/internacional\/#website"},"primaryImageOfPage":{"@id":"https:\/\/internacional.usil.edu.pe\/internacional\/es\/estudia-en-usil-cusco\/programas-virtuales\/cusco-programas-online\/literatura-latinoamericana\/#primaryimage"},"datePublished":"2022-03-14T23:34:40+00:00","dateModified":"2022-05-23T03:21:06+00:00","breadcrumb":{"@id":"https:\/\/internacional.usil.edu.pe\/internacional\/es\/estudia-en-usil-cusco\/programas-virtuales\/cusco-programas-online\/literatura-latinoamericana\/#breadcrumb"},"inLanguage":"es","potentialAction":[{"@type":"ReadAction","target":["https:\/\/internacional.usil.edu.pe\/internacional\/es\/estudia-en-usil-cusco\/programas-virtuales\/cusco-programas-online\/literatura-latinoamericana\/"]}]},{"@type":"BreadcrumbList","@id":"https:\/\/internacional.usil.edu.pe\/internacional\/es\/estudia-en-usil-cusco\/programas-virtuales\/cusco-programas-online\/literatura-latinoamericana\/#breadcrumb","itemListElement":[{"@type":"ListItem","position":1,"name":"Portada","item":"https:\/\/internacional.usil.edu.pe\/internacional\/es\/"},{"@type":"ListItem","position":2,"name":"Estudia en USIL Cusco","item":"https:\/\/internacional.usil.edu.pe\/internacional\/study-in-cusco\/"},{"@type":"ListItem","position":3,"name":"Programas Virtuales","item":"https:\/\/internacional.usil.edu.pe\/internacional\/study-in-cusco\/onsite-programs-2\/"},{"@type":"ListItem","position":4,"name":"Cusco Programas Online","item":"https:\/\/internacional.usil.edu.pe\/internacional\/es\/estudia-en-usil-cusco\/programas-virtuales\/cusco-programas-online\/"},{"@type":"ListItem","position":5,"name":"Literatura Latinoamericana"}]}]}},"acf":[],"_links":{"self":[{"href":"https:\/\/internacional.usil.edu.pe\/internacional\/wp-json\/wp\/v2\/pages\/4427"}],"collection":[{"href":"https:\/\/internacional.usil.edu.pe\/internacional\/wp-json\/wp\/v2\/pages"}],"about":[{"href":"https:\/\/internacional.usil.edu.pe\/internacional\/wp-json\/wp\/v2\/types\/page"}],"author":[{"embeddable":true,"href":"https:\/\/internacional.usil.edu.pe\/internacional\/wp-json\/wp\/v2\/users\/1"}],"replies":[{"embeddable":true,"href":"https:\/\/internacional.usil.edu.pe\/internacional\/wp-json\/wp\/v2\/comments?post=4427"}],"version-history":[{"count":5,"href":"https:\/\/internacional.usil.edu.pe\/internacional\/wp-json\/wp\/v2\/pages\/4427\/revisions"}],"predecessor-version":[{"id":5087,"href":"https:\/\/internacional.usil.edu.pe\/internacional\/wp-json\/wp\/v2\/pages\/4427\/revisions\/5087"}],"up":[{"embeddable":true,"href":"https:\/\/internacional.usil.edu.pe\/internacional\/wp-json\/wp\/v2\/pages\/4419"}],"wp:featuredmedia":[{"embeddable":true,"href":"https:\/\/internacional.usil.edu.pe\/internacional\/wp-json\/wp\/v2\/media\/1547"}],"wp:attachment":[{"href":"https:\/\/internacional.usil.edu.pe\/internacional\/wp-json\/wp\/v2\/media?parent=4427"}],"curies":[{"name":"wp","href":"https:\/\/api.w.org\/{rel}","templated":true}]}}