{"id":4071,"date":"2020-10-08T15:26:58","date_gmt":"2020-10-08T15:26:58","guid":{"rendered":"https:\/\/internacional.usil.edu.pe\/internacional\/?page_id=4071"},"modified":"2020-11-25T15:21:31","modified_gmt":"2020-11-25T15:21:31","slug":"programas-gastronomia","status":"publish","type":"page","link":"https:\/\/internacional.usil.edu.pe\/internacional\/programas-online\/programas\/programas-gastronomia\/","title":{"rendered":"Programas de Gastronom\u00eda"},"content":{"rendered":"\n<h2>Programas de Gastronom\u00eda<\/h2>\n\n\n\n<hr class=\"wp-block-separator\"\/>\n\n\n\n<p class=\"slogan\">\u00a1Bienvenido a Per\u00fa, la tierra de los miles de sabores!<\/p>\n\n\n\n<p><a rel=\"noreferrer noopener\" href=\"https:\/\/www.instagram.com\/usilinternational\/\" target=\"_blank\">#USILInternational<\/a><br><br><strong>USIL ofrece cursos virtuales de Gastronom\u00eda y Arte Culinario<\/strong><\/p>\n\n\n\n<ol><li><a rel=\"noreferrer noopener\" href=\"https:\/\/www.usilvirtual.com\/detalle-bases-y-fundamentos-de-la-cocina-peruana.php\" target=\"_blank\">Bases y fundamentos de la cocina peruana (curso)<\/a><\/li><li><a href=\"https:\/\/www.usilvirtual.com\/detalle-cocina-peruana-moderna.php\" target=\"_blank\" rel=\"noreferrer noopener\">Cocina Peruana Moderna (curso)<\/a><\/li><li><a rel=\"noreferrer noopener\" href=\"https:\/\/www.usilvirtual.com\/#certificaciones\" target=\"_blank\">Certificaci\u00f3n Alta Cocina Peruana<\/a><\/li><li><a rel=\"noreferrer noopener\" href=\"https:\/\/www.usilvirtual.com\/#certificaciones\" target=\"_blank\">Certificaci\u00f3n Alta Cocina del Mundo<\/a><\/li><li><a rel=\"noreferrer noopener\" href=\"https:\/\/www.usilvirtual.com\/#certificaciones\" target=\"_blank\">Certificaci\u00f3n Pasteler\u00eda y Panader\u00eda<\/a><\/li><\/ol>\n\n\n\n<p class=\"has-text-color\" style=\"color:#7e55aa\"><strong><strong>Por qu\u00e9 elegir USIL?<\/strong><\/strong><\/p>\n\n\n\n<ul><li>Instructores altamente calificados y acreditados<\/li><li>Amplia experiencia internacional<\/li><li>Prestigio y reconocimiento<\/li><li>Laboratorios especializados equipados con la m\u00e1s alta tecnolog\u00eda<\/li><\/ul>\n\n\n\n<figure class=\"wp-block-embed-youtube wp-block-embed is-type-video is-provider-youtube wp-embed-aspect-16-9 wp-has-aspect-ratio\"><div class=\"wp-block-embed__wrapper\">\n<iframe loading=\"lazy\" title=\"Escuela de Chefs - Lake Country\" width=\"500\" height=\"281\" src=\"https:\/\/www.youtube.com\/embed\/67Mw2P2Ismg?feature=oembed\" frameborder=\"0\" allow=\"accelerometer; autoplay; clipboard-write; encrypted-media; gyroscope; picture-in-picture\" allowfullscreen><\/iframe>\n<\/div><\/figure>\n","protected":false},"excerpt":{"rendered":"<p>Programas de Gastronom\u00eda \u00a1Bienvenido a Per\u00fa, la tierra de los miles de sabores! #USILInternational USIL ofrece cursos virtuales de Gastronom\u00eda y Arte Culinario Bases y fundamentos de la cocina peruana (curso) Cocina Peruana Moderna (curso) Certificaci\u00f3n Alta Cocina Peruana Certificaci\u00f3n Alta Cocina del Mundo Certificaci\u00f3n Pasteler\u00eda y Panader\u00eda Por qu\u00e9 elegir USIL? Instructores altamente calificados [&hellip;]<\/p>\n","protected":false},"author":2,"featured_media":1692,"parent":1842,"menu_order":0,"comment_status":"closed","ping_status":"closed","template":"template_item_programa_online.php","meta":[],"yoast_head":"<!-- This site is optimized with the Yoast SEO plugin v18.3 - https:\/\/yoast.com\/wordpress\/plugins\/seo\/ -->\n<title>Programas de Gastronom\u00eda - USIL INTERNACIONAL<\/title>\n<meta name=\"robots\" content=\"noindex, follow, max-snippet:-1, max-image-preview:large, max-video-preview:-1\" \/>\n<meta property=\"og:locale\" content=\"es_ES\" \/>\n<meta property=\"og:type\" content=\"article\" \/>\n<meta property=\"og:title\" content=\"Programas de Gastronom\u00eda - USIL INTERNACIONAL\" \/>\n<meta property=\"og:description\" content=\"Programas de Gastronom\u00eda \u00a1Bienvenido a Per\u00fa, la tierra de los miles de sabores! #USILInternational USIL ofrece cursos virtuales de Gastronom\u00eda y Arte Culinario Bases y fundamentos de la cocina peruana (curso) Cocina Peruana Moderna (curso) Certificaci\u00f3n Alta Cocina Peruana Certificaci\u00f3n Alta Cocina del Mundo Certificaci\u00f3n Pasteler\u00eda y Panader\u00eda Por qu\u00e9 elegir USIL? Instructores altamente calificados [&hellip;]\" \/>\n<meta property=\"og:url\" content=\"https:\/\/internacional.usil.edu.pe\/internacional\/es\/programas-online\/programas\/programas-gastronomia\/\" \/>\n<meta property=\"og:site_name\" content=\"USIL INTERNACIONAL\" \/>\n<meta property=\"article:modified_time\" content=\"2020-11-25T15:21:31+00:00\" \/>\n<meta property=\"og:image\" content=\"https:\/\/internacional.usil.edu.pe\/internacional\/wp-content\/uploads\/2020\/08\/cusco-1.jpg\" \/>\n\t<meta property=\"og:image:width\" content=\"827\" \/>\n\t<meta property=\"og:image:height\" content=\"493\" \/>\n\t<meta property=\"og:image:type\" content=\"image\/jpeg\" \/>\n<meta name=\"twitter:card\" content=\"summary_large_image\" \/>\n<script type=\"application\/ld+json\" class=\"yoast-schema-graph\">{\"@context\":\"https:\/\/schema.org\",\"@graph\":[{\"@type\":\"WebSite\",\"@id\":\"https:\/\/internacional.usil.edu.pe\/internacional\/#website\",\"url\":\"https:\/\/internacional.usil.edu.pe\/internacional\/\",\"name\":\"USIL INTERNACIONAL\",\"description\":\"USIL INTERNACIONAL \",\"potentialAction\":[{\"@type\":\"SearchAction\",\"target\":{\"@type\":\"EntryPoint\",\"urlTemplate\":\"https:\/\/internacional.usil.edu.pe\/internacional\/?s={search_term_string}\"},\"query-input\":\"required name=search_term_string\"}],\"inLanguage\":\"es\"},{\"@type\":\"ImageObject\",\"@id\":\"https:\/\/internacional.usil.edu.pe\/internacional\/es\/programas-online\/programas\/programas-gastronomia\/#primaryimage\",\"inLanguage\":\"es\",\"url\":\"https:\/\/internacional.usil.edu.pe\/internacional\/wp-content\/uploads\/2020\/08\/cusco-1.jpg\",\"contentUrl\":\"https:\/\/internacional.usil.edu.pe\/internacional\/wp-content\/uploads\/2020\/08\/cusco-1.jpg\",\"width\":827,\"height\":493},{\"@type\":\"WebPage\",\"@id\":\"https:\/\/internacional.usil.edu.pe\/internacional\/es\/programas-online\/programas\/programas-gastronomia\/#webpage\",\"url\":\"https:\/\/internacional.usil.edu.pe\/internacional\/es\/programas-online\/programas\/programas-gastronomia\/\",\"name\":\"Programas de Gastronom\u00eda - USIL INTERNACIONAL\",\"isPartOf\":{\"@id\":\"https:\/\/internacional.usil.edu.pe\/internacional\/#website\"},\"primaryImageOfPage\":{\"@id\":\"https:\/\/internacional.usil.edu.pe\/internacional\/es\/programas-online\/programas\/programas-gastronomia\/#primaryimage\"},\"datePublished\":\"2020-10-08T15:26:58+00:00\",\"dateModified\":\"2020-11-25T15:21:31+00:00\",\"breadcrumb\":{\"@id\":\"https:\/\/internacional.usil.edu.pe\/internacional\/es\/programas-online\/programas\/programas-gastronomia\/#breadcrumb\"},\"inLanguage\":\"es\",\"potentialAction\":[{\"@type\":\"ReadAction\",\"target\":[\"https:\/\/internacional.usil.edu.pe\/internacional\/es\/programas-online\/programas\/programas-gastronomia\/\"]}]},{\"@type\":\"BreadcrumbList\",\"@id\":\"https:\/\/internacional.usil.edu.pe\/internacional\/es\/programas-online\/programas\/programas-gastronomia\/#breadcrumb\",\"itemListElement\":[{\"@type\":\"ListItem\",\"position\":1,\"name\":\"Portada\",\"item\":\"https:\/\/internacional.usil.edu.pe\/internacional\/es\/\"},{\"@type\":\"ListItem\",\"position\":2,\"name\":\"USIL Online\",\"item\":\"https:\/\/internacional.usil.edu.pe\/internacional\/es\/programas-online\/\"},{\"@type\":\"ListItem\",\"position\":3,\"name\":\"Programas Internacionales\",\"item\":\"https:\/\/internacional.usil.edu.pe\/internacional\/es\/programas-online\/programas\/\"},{\"@type\":\"ListItem\",\"position\":4,\"name\":\"Programas de Gastronom\u00eda\"}]}]}<\/script>\n<!-- \/ Yoast SEO plugin. -->","yoast_head_json":{"title":"Programas de Gastronom\u00eda - USIL INTERNACIONAL","robots":{"index":"noindex","follow":"follow","max-snippet":"max-snippet:-1","max-image-preview":"max-image-preview:large","max-video-preview":"max-video-preview:-1"},"og_locale":"es_ES","og_type":"article","og_title":"Programas de Gastronom\u00eda - USIL INTERNACIONAL","og_description":"Programas de Gastronom\u00eda \u00a1Bienvenido a Per\u00fa, la tierra de los miles de sabores! #USILInternational USIL ofrece cursos virtuales de Gastronom\u00eda y Arte Culinario Bases y fundamentos de la cocina peruana (curso) Cocina Peruana Moderna (curso) Certificaci\u00f3n Alta Cocina Peruana Certificaci\u00f3n Alta Cocina del Mundo Certificaci\u00f3n Pasteler\u00eda y Panader\u00eda Por qu\u00e9 elegir USIL? Instructores altamente calificados [&hellip;]","og_url":"https:\/\/internacional.usil.edu.pe\/internacional\/es\/programas-online\/programas\/programas-gastronomia\/","og_site_name":"USIL INTERNACIONAL","article_modified_time":"2020-11-25T15:21:31+00:00","og_image":[{"width":827,"height":493,"url":"https:\/\/internacional.usil.edu.pe\/internacional\/wp-content\/uploads\/2020\/08\/cusco-1.jpg","type":"image\/jpeg"}],"twitter_card":"summary_large_image","schema":{"@context":"https:\/\/schema.org","@graph":[{"@type":"WebSite","@id":"https:\/\/internacional.usil.edu.pe\/internacional\/#website","url":"https:\/\/internacional.usil.edu.pe\/internacional\/","name":"USIL INTERNACIONAL","description":"USIL INTERNACIONAL ","potentialAction":[{"@type":"SearchAction","target":{"@type":"EntryPoint","urlTemplate":"https:\/\/internacional.usil.edu.pe\/internacional\/?s={search_term_string}"},"query-input":"required name=search_term_string"}],"inLanguage":"es"},{"@type":"ImageObject","@id":"https:\/\/internacional.usil.edu.pe\/internacional\/es\/programas-online\/programas\/programas-gastronomia\/#primaryimage","inLanguage":"es","url":"https:\/\/internacional.usil.edu.pe\/internacional\/wp-content\/uploads\/2020\/08\/cusco-1.jpg","contentUrl":"https:\/\/internacional.usil.edu.pe\/internacional\/wp-content\/uploads\/2020\/08\/cusco-1.jpg","width":827,"height":493},{"@type":"WebPage","@id":"https:\/\/internacional.usil.edu.pe\/internacional\/es\/programas-online\/programas\/programas-gastronomia\/#webpage","url":"https:\/\/internacional.usil.edu.pe\/internacional\/es\/programas-online\/programas\/programas-gastronomia\/","name":"Programas de Gastronom\u00eda - USIL INTERNACIONAL","isPartOf":{"@id":"https:\/\/internacional.usil.edu.pe\/internacional\/#website"},"primaryImageOfPage":{"@id":"https:\/\/internacional.usil.edu.pe\/internacional\/es\/programas-online\/programas\/programas-gastronomia\/#primaryimage"},"datePublished":"2020-10-08T15:26:58+00:00","dateModified":"2020-11-25T15:21:31+00:00","breadcrumb":{"@id":"https:\/\/internacional.usil.edu.pe\/internacional\/es\/programas-online\/programas\/programas-gastronomia\/#breadcrumb"},"inLanguage":"es","potentialAction":[{"@type":"ReadAction","target":["https:\/\/internacional.usil.edu.pe\/internacional\/es\/programas-online\/programas\/programas-gastronomia\/"]}]},{"@type":"BreadcrumbList","@id":"https:\/\/internacional.usil.edu.pe\/internacional\/es\/programas-online\/programas\/programas-gastronomia\/#breadcrumb","itemListElement":[{"@type":"ListItem","position":1,"name":"Portada","item":"https:\/\/internacional.usil.edu.pe\/internacional\/es\/"},{"@type":"ListItem","position":2,"name":"USIL Online","item":"https:\/\/internacional.usil.edu.pe\/internacional\/es\/programas-online\/"},{"@type":"ListItem","position":3,"name":"Programas Internacionales","item":"https:\/\/internacional.usil.edu.pe\/internacional\/es\/programas-online\/programas\/"},{"@type":"ListItem","position":4,"name":"Programas de Gastronom\u00eda"}]}]}},"acf":[],"_links":{"self":[{"href":"https:\/\/internacional.usil.edu.pe\/internacional\/wp-json\/wp\/v2\/pages\/4071"}],"collection":[{"href":"https:\/\/internacional.usil.edu.pe\/internacional\/wp-json\/wp\/v2\/pages"}],"about":[{"href":"https:\/\/internacional.usil.edu.pe\/internacional\/wp-json\/wp\/v2\/types\/page"}],"author":[{"embeddable":true,"href":"https:\/\/internacional.usil.edu.pe\/internacional\/wp-json\/wp\/v2\/users\/2"}],"replies":[{"embeddable":true,"href":"https:\/\/internacional.usil.edu.pe\/internacional\/wp-json\/wp\/v2\/comments?post=4071"}],"version-history":[{"count":14,"href":"https:\/\/internacional.usil.edu.pe\/internacional\/wp-json\/wp\/v2\/pages\/4071\/revisions"}],"predecessor-version":[{"id":4115,"href":"https:\/\/internacional.usil.edu.pe\/internacional\/wp-json\/wp\/v2\/pages\/4071\/revisions\/4115"}],"up":[{"embeddable":true,"href":"https:\/\/internacional.usil.edu.pe\/internacional\/wp-json\/wp\/v2\/pages\/1842"}],"wp:featuredmedia":[{"embeddable":true,"href":"https:\/\/internacional.usil.edu.pe\/internacional\/wp-json\/wp\/v2\/media\/1692"}],"wp:attachment":[{"href":"https:\/\/internacional.usil.edu.pe\/internacional\/wp-json\/wp\/v2\/media?parent=4071"}],"curies":[{"name":"wp","href":"https:\/\/api.w.org\/{rel}","templated":true}]}}