{"id":1914,"date":"2020-08-30T17:49:20","date_gmt":"2020-08-30T17:49:20","guid":{"rendered":"https:\/\/internacional.usil.edu.pe\/internacional\/?page_id=1914"},"modified":"2020-11-25T15:21:29","modified_gmt":"2020-11-25T15:21:29","slug":"movilidad_virtual_semestre","status":"publish","type":"page","link":"https:\/\/internacional.usil.edu.pe\/internacional\/programas-online\/programas\/movilidad_virtual_semestre\/","title":{"rendered":"Movilidad Virtual Semestre"},"content":{"rendered":"\n<h2>Movilidad Virtual Semestre<\/h2>\n\n\n\n<hr class=\"wp-block-separator\"\/>\n\n\n\n<p><a href=\"https:\/\/www.instagram.com\/usilinternational\/\" target=\"_blank\" rel=\"noreferrer noopener\">#USILInternational<\/a><\/p>\n\n\n\n<p><strong>Movilidad Virtual Semestre<\/strong><\/p>\n\n\n\n<p>En USIL contamos con un modelo educativo que asegura el desarrollo acad\u00e9mico de nuestros estudiantes a nivel nacional e internacional, con una exigente educaci\u00f3n biling\u00fce y experiencia en gesti\u00f3n empresarial.<\/p>\n\n\n\n<p>Conozca nuestras facultades que ofrecen cursos para el programa de intercambio acad\u00e9mico virtual 2021.<\/p>\n\n\n\n<ul><li>Experimentar\u00e1s una inmersi\u00f3n cultural \u00fanica<\/li><li>M\u00e1s de 21,000 estudiantes<\/li><li>Curr\u00edculum biling\u00fce entre nuestras 31 carreras profesionales<\/li><li>Programas orientados al emprendimiento<\/li><li>Intercambiar conocimientos con estudiantes de diferentes partes del mundo<\/li><li>Clases virtuales a trav\u00e9s de la plataforma Canvas, considerada entre las mejores para e-learning<\/li><\/ul>\n\n\n\n<p class=\"mainDark altas bold\"><strong>Academic Calendar<\/strong><\/p>\n\n\n\n<table class=\"mainGray\">\n\t\t\t<tbody><tr class=\"head bold\">\n\t\t\t\t<th>Programa<\/th>\n\t\t\t\t<th>Inicio<\/th>\n\t\t\t\t<th>Fin<\/th>\n\t\t\t<\/tr>\n\t\t\t<tr>\n\t\t\t\t<td class=\"altas\">Semestre 1<\/td>\n\t\t\t\t<td>Marzo<\/td>\n\t\t\t\t<td>Julio<\/td>\n\t\t\t<\/tr>\n\t\t\t<tr>\n\t\t\t\t<td class=\"altas\">Semestre 2<\/td>\n\t\t\t\t<td>Agosto<\/td>\n\t\t\t\t<td>Diciembre<\/td>\n\t\t\t<\/tr>\n\t\t<\/tbody><\/table>\n\n\n\n<figure class=\"wp-block-embed-youtube wp-block-embed is-type-video is-provider-youtube wp-embed-aspect-4-3 wp-has-aspect-ratio\"><div class=\"wp-block-embed__wrapper\">\n<iframe loading=\"lazy\" title=\"Testimonio - Alumno Internacional\" width=\"500\" height=\"375\" src=\"https:\/\/www.youtube.com\/embed\/f1dEGFHj3gQ?feature=oembed\" frameborder=\"0\" allow=\"accelerometer; autoplay; clipboard-write; encrypted-media; gyroscope; picture-in-picture\" allowfullscreen><\/iframe>\n<\/div><\/figure>\n\n\n\n<p><p class=\"mainDark altas bold\">USIL Ambassadors<\/p>\nUSIL Ambassadors est\u00e1 organizado por la Direcci\u00f3n de Relaciones Internacionales, ellos te apoyar\u00e1n durante tu experiencia en la USIL y podr\u00e1s participar en eventos sociales para que conozcas a otros estudiantes internacionales.<\/p>\n\n\n\n<p id=\"block-c909ea84-2881-4273-b001-61bed2c8ce73\"><strong>\u00bfQu\u00e9 est\u00e1s esperando?<\/strong><\/p>\n\n\n\n<p id=\"block-0413a07b-d341-44f0-aeab-819108409dd9\">Est\u00e1s a un clic de comenzar tu experiencia USIL<br>Para m\u00e1s informaci\u00f3n:<\/p>\n\n\n\n<div class=\"wp-container-1 wp-block-buttons\">\n<div class=\"wp-block-button\"><a class=\"wp-block-button__link has-background\" href=\"mailto:inboundmobility@usil.edu.pe\" style=\"background-color:#5e488f\">inboundmobility@usil.edu.pe<\/a><\/div>\n<\/div>\n","protected":false},"excerpt":{"rendered":"<p>Movilidad Virtual Semestre #USILInternational Movilidad Virtual Semestre En USIL contamos con un modelo educativo que asegura el desarrollo acad\u00e9mico de nuestros estudiantes a nivel nacional e internacional, con una exigente educaci\u00f3n biling\u00fce y experiencia en gesti\u00f3n empresarial. Conozca nuestras facultades que ofrecen cursos para el programa de intercambio acad\u00e9mico virtual 2021. Experimentar\u00e1s una inmersi\u00f3n cultural [&hellip;]<\/p>\n","protected":false},"author":2,"featured_media":1692,"parent":1842,"menu_order":0,"comment_status":"closed","ping_status":"closed","template":"template_item_programa_online.php","meta":[],"yoast_head":"<!-- This site is optimized with the Yoast SEO plugin v18.3 - https:\/\/yoast.com\/wordpress\/plugins\/seo\/ -->\n<title>Movilidad Virtual Semestre - USIL INTERNACIONAL<\/title>\n<meta name=\"robots\" content=\"noindex, follow, max-snippet:-1, max-image-preview:large, max-video-preview:-1\" \/>\n<meta property=\"og:locale\" content=\"es_ES\" \/>\n<meta property=\"og:type\" content=\"article\" \/>\n<meta property=\"og:title\" content=\"Movilidad Virtual Semestre - USIL INTERNACIONAL\" \/>\n<meta property=\"og:description\" content=\"Movilidad Virtual Semestre #USILInternational Movilidad Virtual Semestre En USIL contamos con un modelo educativo que asegura el desarrollo acad\u00e9mico de nuestros estudiantes a nivel nacional e internacional, con una exigente educaci\u00f3n biling\u00fce y experiencia en gesti\u00f3n empresarial. Conozca nuestras facultades que ofrecen cursos para el programa de intercambio acad\u00e9mico virtual 2021. Experimentar\u00e1s una inmersi\u00f3n cultural [&hellip;]\" \/>\n<meta property=\"og:url\" content=\"https:\/\/internacional.usil.edu.pe\/internacional\/es\/programas-online\/programas\/movilidad_virtual_semestre\/\" \/>\n<meta property=\"og:site_name\" content=\"USIL INTERNACIONAL\" \/>\n<meta property=\"article:modified_time\" content=\"2020-11-25T15:21:29+00:00\" \/>\n<meta property=\"og:image\" content=\"https:\/\/internacional.usil.edu.pe\/internacional\/wp-content\/uploads\/2020\/08\/cusco-1.jpg\" \/>\n\t<meta property=\"og:image:width\" content=\"827\" \/>\n\t<meta property=\"og:image:height\" content=\"493\" \/>\n\t<meta property=\"og:image:type\" content=\"image\/jpeg\" \/>\n<meta name=\"twitter:card\" content=\"summary_large_image\" \/>\n<meta name=\"twitter:label1\" content=\"Tiempo de lectura\" \/>\n\t<meta name=\"twitter:data1\" content=\"1 minuto\" \/>\n<script type=\"application\/ld+json\" class=\"yoast-schema-graph\">{\"@context\":\"https:\/\/schema.org\",\"@graph\":[{\"@type\":\"WebSite\",\"@id\":\"https:\/\/internacional.usil.edu.pe\/internacional\/#website\",\"url\":\"https:\/\/internacional.usil.edu.pe\/internacional\/\",\"name\":\"USIL INTERNACIONAL\",\"description\":\"USIL INTERNACIONAL \",\"potentialAction\":[{\"@type\":\"SearchAction\",\"target\":{\"@type\":\"EntryPoint\",\"urlTemplate\":\"https:\/\/internacional.usil.edu.pe\/internacional\/?s={search_term_string}\"},\"query-input\":\"required name=search_term_string\"}],\"inLanguage\":\"es\"},{\"@type\":\"ImageObject\",\"@id\":\"https:\/\/internacional.usil.edu.pe\/internacional\/es\/programas-online\/programas\/movilidad_virtual_semestre\/#primaryimage\",\"inLanguage\":\"es\",\"url\":\"https:\/\/internacional.usil.edu.pe\/internacional\/wp-content\/uploads\/2020\/08\/cusco-1.jpg\",\"contentUrl\":\"https:\/\/internacional.usil.edu.pe\/internacional\/wp-content\/uploads\/2020\/08\/cusco-1.jpg\",\"width\":827,\"height\":493},{\"@type\":\"WebPage\",\"@id\":\"https:\/\/internacional.usil.edu.pe\/internacional\/es\/programas-online\/programas\/movilidad_virtual_semestre\/#webpage\",\"url\":\"https:\/\/internacional.usil.edu.pe\/internacional\/es\/programas-online\/programas\/movilidad_virtual_semestre\/\",\"name\":\"Movilidad Virtual Semestre - USIL INTERNACIONAL\",\"isPartOf\":{\"@id\":\"https:\/\/internacional.usil.edu.pe\/internacional\/#website\"},\"primaryImageOfPage\":{\"@id\":\"https:\/\/internacional.usil.edu.pe\/internacional\/es\/programas-online\/programas\/movilidad_virtual_semestre\/#primaryimage\"},\"datePublished\":\"2020-08-30T17:49:20+00:00\",\"dateModified\":\"2020-11-25T15:21:29+00:00\",\"breadcrumb\":{\"@id\":\"https:\/\/internacional.usil.edu.pe\/internacional\/es\/programas-online\/programas\/movilidad_virtual_semestre\/#breadcrumb\"},\"inLanguage\":\"es\",\"potentialAction\":[{\"@type\":\"ReadAction\",\"target\":[\"https:\/\/internacional.usil.edu.pe\/internacional\/es\/programas-online\/programas\/movilidad_virtual_semestre\/\"]}]},{\"@type\":\"BreadcrumbList\",\"@id\":\"https:\/\/internacional.usil.edu.pe\/internacional\/es\/programas-online\/programas\/movilidad_virtual_semestre\/#breadcrumb\",\"itemListElement\":[{\"@type\":\"ListItem\",\"position\":1,\"name\":\"Portada\",\"item\":\"https:\/\/internacional.usil.edu.pe\/internacional\/es\/\"},{\"@type\":\"ListItem\",\"position\":2,\"name\":\"USIL Online\",\"item\":\"https:\/\/internacional.usil.edu.pe\/internacional\/es\/programas-online\/\"},{\"@type\":\"ListItem\",\"position\":3,\"name\":\"Programas Internacionales\",\"item\":\"https:\/\/internacional.usil.edu.pe\/internacional\/es\/programas-online\/programas\/\"},{\"@type\":\"ListItem\",\"position\":4,\"name\":\"Movilidad Virtual Semestre\"}]}]}<\/script>\n<!-- \/ Yoast SEO plugin. -->","yoast_head_json":{"title":"Movilidad Virtual Semestre - USIL INTERNACIONAL","robots":{"index":"noindex","follow":"follow","max-snippet":"max-snippet:-1","max-image-preview":"max-image-preview:large","max-video-preview":"max-video-preview:-1"},"og_locale":"es_ES","og_type":"article","og_title":"Movilidad Virtual Semestre - USIL INTERNACIONAL","og_description":"Movilidad Virtual Semestre #USILInternational Movilidad Virtual Semestre En USIL contamos con un modelo educativo que asegura el desarrollo acad\u00e9mico de nuestros estudiantes a nivel nacional e internacional, con una exigente educaci\u00f3n biling\u00fce y experiencia en gesti\u00f3n empresarial. Conozca nuestras facultades que ofrecen cursos para el programa de intercambio acad\u00e9mico virtual 2021. Experimentar\u00e1s una inmersi\u00f3n cultural [&hellip;]","og_url":"https:\/\/internacional.usil.edu.pe\/internacional\/es\/programas-online\/programas\/movilidad_virtual_semestre\/","og_site_name":"USIL INTERNACIONAL","article_modified_time":"2020-11-25T15:21:29+00:00","og_image":[{"width":827,"height":493,"url":"https:\/\/internacional.usil.edu.pe\/internacional\/wp-content\/uploads\/2020\/08\/cusco-1.jpg","type":"image\/jpeg"}],"twitter_card":"summary_large_image","twitter_misc":{"Tiempo de lectura":"1 minuto"},"schema":{"@context":"https:\/\/schema.org","@graph":[{"@type":"WebSite","@id":"https:\/\/internacional.usil.edu.pe\/internacional\/#website","url":"https:\/\/internacional.usil.edu.pe\/internacional\/","name":"USIL INTERNACIONAL","description":"USIL INTERNACIONAL ","potentialAction":[{"@type":"SearchAction","target":{"@type":"EntryPoint","urlTemplate":"https:\/\/internacional.usil.edu.pe\/internacional\/?s={search_term_string}"},"query-input":"required name=search_term_string"}],"inLanguage":"es"},{"@type":"ImageObject","@id":"https:\/\/internacional.usil.edu.pe\/internacional\/es\/programas-online\/programas\/movilidad_virtual_semestre\/#primaryimage","inLanguage":"es","url":"https:\/\/internacional.usil.edu.pe\/internacional\/wp-content\/uploads\/2020\/08\/cusco-1.jpg","contentUrl":"https:\/\/internacional.usil.edu.pe\/internacional\/wp-content\/uploads\/2020\/08\/cusco-1.jpg","width":827,"height":493},{"@type":"WebPage","@id":"https:\/\/internacional.usil.edu.pe\/internacional\/es\/programas-online\/programas\/movilidad_virtual_semestre\/#webpage","url":"https:\/\/internacional.usil.edu.pe\/internacional\/es\/programas-online\/programas\/movilidad_virtual_semestre\/","name":"Movilidad Virtual Semestre - USIL INTERNACIONAL","isPartOf":{"@id":"https:\/\/internacional.usil.edu.pe\/internacional\/#website"},"primaryImageOfPage":{"@id":"https:\/\/internacional.usil.edu.pe\/internacional\/es\/programas-online\/programas\/movilidad_virtual_semestre\/#primaryimage"},"datePublished":"2020-08-30T17:49:20+00:00","dateModified":"2020-11-25T15:21:29+00:00","breadcrumb":{"@id":"https:\/\/internacional.usil.edu.pe\/internacional\/es\/programas-online\/programas\/movilidad_virtual_semestre\/#breadcrumb"},"inLanguage":"es","potentialAction":[{"@type":"ReadAction","target":["https:\/\/internacional.usil.edu.pe\/internacional\/es\/programas-online\/programas\/movilidad_virtual_semestre\/"]}]},{"@type":"BreadcrumbList","@id":"https:\/\/internacional.usil.edu.pe\/internacional\/es\/programas-online\/programas\/movilidad_virtual_semestre\/#breadcrumb","itemListElement":[{"@type":"ListItem","position":1,"name":"Portada","item":"https:\/\/internacional.usil.edu.pe\/internacional\/es\/"},{"@type":"ListItem","position":2,"name":"USIL Online","item":"https:\/\/internacional.usil.edu.pe\/internacional\/es\/programas-online\/"},{"@type":"ListItem","position":3,"name":"Programas Internacionales","item":"https:\/\/internacional.usil.edu.pe\/internacional\/es\/programas-online\/programas\/"},{"@type":"ListItem","position":4,"name":"Movilidad Virtual Semestre"}]}]}},"acf":[],"_links":{"self":[{"href":"https:\/\/internacional.usil.edu.pe\/internacional\/wp-json\/wp\/v2\/pages\/1914"}],"collection":[{"href":"https:\/\/internacional.usil.edu.pe\/internacional\/wp-json\/wp\/v2\/pages"}],"about":[{"href":"https:\/\/internacional.usil.edu.pe\/internacional\/wp-json\/wp\/v2\/types\/page"}],"author":[{"embeddable":true,"href":"https:\/\/internacional.usil.edu.pe\/internacional\/wp-json\/wp\/v2\/users\/2"}],"replies":[{"embeddable":true,"href":"https:\/\/internacional.usil.edu.pe\/internacional\/wp-json\/wp\/v2\/comments?post=1914"}],"version-history":[{"count":36,"href":"https:\/\/internacional.usil.edu.pe\/internacional\/wp-json\/wp\/v2\/pages\/1914\/revisions"}],"predecessor-version":[{"id":4104,"href":"https:\/\/internacional.usil.edu.pe\/internacional\/wp-json\/wp\/v2\/pages\/1914\/revisions\/4104"}],"up":[{"embeddable":true,"href":"https:\/\/internacional.usil.edu.pe\/internacional\/wp-json\/wp\/v2\/pages\/1842"}],"wp:featuredmedia":[{"embeddable":true,"href":"https:\/\/internacional.usil.edu.pe\/internacional\/wp-json\/wp\/v2\/media\/1692"}],"wp:attachment":[{"href":"https:\/\/internacional.usil.edu.pe\/internacional\/wp-json\/wp\/v2\/media?parent=1914"}],"curies":[{"name":"wp","href":"https:\/\/api.w.org\/{rel}","templated":true}]}}