{"id":1910,"date":"2020-08-30T17:43:46","date_gmt":"2020-08-30T17:43:46","guid":{"rendered":"https:\/\/internacional.usil.edu.pe\/internacional\/?page_id=1910"},"modified":"2022-05-26T14:49:18","modified_gmt":"2022-05-26T14:49:18","slug":"semestre-en-cusco","status":"publish","type":"page","link":"https:\/\/internacional.usil.edu.pe\/internacional\/estudia-en-usil-cusco\/programas-presenciales\/semestre-en-cusco\/","title":{"rendered":"Semestre  en Cusco"},"content":{"rendered":"\n<h2>Programas<\/h2>\n\n\n\n<hr class=\"wp-block-separator\"\/>\n\n\n\n<p class=\"slogan\">Semestre en Cusco<\/p>\n\n\n\n<p>Como estudiante internacional puedes estudiar por 5 meses o por 1 mes en el Centro de Extensi\u00f3n USIL en Cusco, Per\u00fa.<\/p>\n\n\n\n<p><strong>TODOS LOS PROGRAMAS INCLUYEN:<\/strong><\/p>\n\n\n\n<ul><li>Plan acad\u00e9mico.<\/li><li>Alojamiento: residencia con familiares locales.<\/li><li>Transporte.<\/li><li>Viaje de campo: los estudiantes internacionales participar\u00e1n en diferentes experiencias que enriquecer\u00e1n su educaci\u00f3n, combinando la teor\u00eda con actividades que buscan reforzar significativamente el aprendizaje.<\/li><\/ul>\n","protected":false},"excerpt":{"rendered":"<p>Programas Semestre en Cusco Como estudiante internacional puedes estudiar por 5 meses o por 1 mes en el Centro de Extensi\u00f3n USIL en Cusco, Per\u00fa. TODOS LOS PROGRAMAS INCLUYEN: Plan acad\u00e9mico. Alojamiento: residencia con familiares locales. Transporte. Viaje de campo: los estudiantes internacionales participar\u00e1n en diferentes experiencias que enriquecer\u00e1n su educaci\u00f3n, combinando la teor\u00eda con [&hellip;]<\/p>\n","protected":false},"author":1,"featured_media":1547,"parent":1840,"menu_order":0,"comment_status":"closed","ping_status":"closed","template":"template_item_programa_usil_cusco.php","meta":[],"yoast_head":"<!-- This site is optimized with the Yoast SEO plugin v18.3 - https:\/\/yoast.com\/wordpress\/plugins\/seo\/ -->\n<title>Semestre en Cusco - USIL INTERNACIONAL<\/title>\n<meta name=\"robots\" content=\"noindex, follow, max-snippet:-1, max-image-preview:large, max-video-preview:-1\" \/>\n<meta property=\"og:locale\" content=\"es_ES\" \/>\n<meta property=\"og:type\" content=\"article\" \/>\n<meta property=\"og:title\" content=\"Semestre en Cusco - USIL INTERNACIONAL\" \/>\n<meta property=\"og:description\" content=\"Programas Semestre en Cusco Como estudiante internacional puedes estudiar por 5 meses o por 1 mes en el Centro de Extensi\u00f3n USIL en Cusco, Per\u00fa. TODOS LOS PROGRAMAS INCLUYEN: Plan acad\u00e9mico. Alojamiento: residencia con familiares locales. Transporte. Viaje de campo: los estudiantes internacionales participar\u00e1n en diferentes experiencias que enriquecer\u00e1n su educaci\u00f3n, combinando la teor\u00eda con [&hellip;]\" \/>\n<meta property=\"og:url\" content=\"https:\/\/internacional.usil.edu.pe\/internacional\/es\/estudia-en-usil-cusco\/programas-presenciales\/semestre-en-cusco\/\" \/>\n<meta property=\"og:site_name\" content=\"USIL INTERNACIONAL\" \/>\n<meta property=\"article:modified_time\" content=\"2022-05-26T14:49:18+00:00\" \/>\n<meta property=\"og:image\" content=\"https:\/\/internacional.usil.edu.pe\/internacional\/wp-content\/uploads\/2020\/08\/cusco.jpg\" \/>\n\t<meta property=\"og:image:width\" content=\"827\" \/>\n\t<meta property=\"og:image:height\" content=\"493\" \/>\n\t<meta property=\"og:image:type\" content=\"image\/jpeg\" \/>\n<meta name=\"twitter:card\" content=\"summary_large_image\" \/>\n<meta name=\"twitter:label1\" content=\"Tiempo de lectura\" \/>\n\t<meta name=\"twitter:data1\" content=\"1 minuto\" \/>\n<script type=\"application\/ld+json\" class=\"yoast-schema-graph\">{\"@context\":\"https:\/\/schema.org\",\"@graph\":[{\"@type\":\"WebSite\",\"@id\":\"https:\/\/internacional.usil.edu.pe\/internacional\/#website\",\"url\":\"https:\/\/internacional.usil.edu.pe\/internacional\/\",\"name\":\"USIL INTERNACIONAL\",\"description\":\"USIL INTERNACIONAL \",\"potentialAction\":[{\"@type\":\"SearchAction\",\"target\":{\"@type\":\"EntryPoint\",\"urlTemplate\":\"https:\/\/internacional.usil.edu.pe\/internacional\/?s={search_term_string}\"},\"query-input\":\"required name=search_term_string\"}],\"inLanguage\":\"es\"},{\"@type\":\"ImageObject\",\"@id\":\"https:\/\/internacional.usil.edu.pe\/internacional\/es\/estudia-en-usil-cusco\/programas-presenciales\/semestre-en-cusco\/#primaryimage\",\"inLanguage\":\"es\",\"url\":\"https:\/\/internacional.usil.edu.pe\/internacional\/wp-content\/uploads\/2020\/08\/cusco.jpg\",\"contentUrl\":\"https:\/\/internacional.usil.edu.pe\/internacional\/wp-content\/uploads\/2020\/08\/cusco.jpg\",\"width\":827,\"height\":493},{\"@type\":\"WebPage\",\"@id\":\"https:\/\/internacional.usil.edu.pe\/internacional\/es\/estudia-en-usil-cusco\/programas-presenciales\/semestre-en-cusco\/#webpage\",\"url\":\"https:\/\/internacional.usil.edu.pe\/internacional\/es\/estudia-en-usil-cusco\/programas-presenciales\/semestre-en-cusco\/\",\"name\":\"Semestre en Cusco - USIL INTERNACIONAL\",\"isPartOf\":{\"@id\":\"https:\/\/internacional.usil.edu.pe\/internacional\/#website\"},\"primaryImageOfPage\":{\"@id\":\"https:\/\/internacional.usil.edu.pe\/internacional\/es\/estudia-en-usil-cusco\/programas-presenciales\/semestre-en-cusco\/#primaryimage\"},\"datePublished\":\"2020-08-30T17:43:46+00:00\",\"dateModified\":\"2022-05-26T14:49:18+00:00\",\"breadcrumb\":{\"@id\":\"https:\/\/internacional.usil.edu.pe\/internacional\/es\/estudia-en-usil-cusco\/programas-presenciales\/semestre-en-cusco\/#breadcrumb\"},\"inLanguage\":\"es\",\"potentialAction\":[{\"@type\":\"ReadAction\",\"target\":[\"https:\/\/internacional.usil.edu.pe\/internacional\/es\/estudia-en-usil-cusco\/programas-presenciales\/semestre-en-cusco\/\"]}]},{\"@type\":\"BreadcrumbList\",\"@id\":\"https:\/\/internacional.usil.edu.pe\/internacional\/es\/estudia-en-usil-cusco\/programas-presenciales\/semestre-en-cusco\/#breadcrumb\",\"itemListElement\":[{\"@type\":\"ListItem\",\"position\":1,\"name\":\"Portada\",\"item\":\"https:\/\/internacional.usil.edu.pe\/internacional\/es\/\"},{\"@type\":\"ListItem\",\"position\":2,\"name\":\"Estudia en USIL Cusco\",\"item\":\"https:\/\/internacional.usil.edu.pe\/internacional\/study-in-cusco\/\"},{\"@type\":\"ListItem\",\"position\":3,\"name\":\"Programas Presenciales\",\"item\":\"https:\/\/internacional.usil.edu.pe\/internacional\/es\/estudia-en-usil-cusco\/programas-presenciales\/\"},{\"@type\":\"ListItem\",\"position\":4,\"name\":\"Semestre en Cusco\"}]}]}<\/script>\n<!-- \/ Yoast SEO plugin. -->","yoast_head_json":{"title":"Semestre en Cusco - USIL INTERNACIONAL","robots":{"index":"noindex","follow":"follow","max-snippet":"max-snippet:-1","max-image-preview":"max-image-preview:large","max-video-preview":"max-video-preview:-1"},"og_locale":"es_ES","og_type":"article","og_title":"Semestre en Cusco - USIL INTERNACIONAL","og_description":"Programas Semestre en Cusco Como estudiante internacional puedes estudiar por 5 meses o por 1 mes en el Centro de Extensi\u00f3n USIL en Cusco, Per\u00fa. TODOS LOS PROGRAMAS INCLUYEN: Plan acad\u00e9mico. Alojamiento: residencia con familiares locales. Transporte. Viaje de campo: los estudiantes internacionales participar\u00e1n en diferentes experiencias que enriquecer\u00e1n su educaci\u00f3n, combinando la teor\u00eda con [&hellip;]","og_url":"https:\/\/internacional.usil.edu.pe\/internacional\/es\/estudia-en-usil-cusco\/programas-presenciales\/semestre-en-cusco\/","og_site_name":"USIL INTERNACIONAL","article_modified_time":"2022-05-26T14:49:18+00:00","og_image":[{"width":827,"height":493,"url":"https:\/\/internacional.usil.edu.pe\/internacional\/wp-content\/uploads\/2020\/08\/cusco.jpg","type":"image\/jpeg"}],"twitter_card":"summary_large_image","twitter_misc":{"Tiempo de lectura":"1 minuto"},"schema":{"@context":"https:\/\/schema.org","@graph":[{"@type":"WebSite","@id":"https:\/\/internacional.usil.edu.pe\/internacional\/#website","url":"https:\/\/internacional.usil.edu.pe\/internacional\/","name":"USIL INTERNACIONAL","description":"USIL INTERNACIONAL ","potentialAction":[{"@type":"SearchAction","target":{"@type":"EntryPoint","urlTemplate":"https:\/\/internacional.usil.edu.pe\/internacional\/?s={search_term_string}"},"query-input":"required name=search_term_string"}],"inLanguage":"es"},{"@type":"ImageObject","@id":"https:\/\/internacional.usil.edu.pe\/internacional\/es\/estudia-en-usil-cusco\/programas-presenciales\/semestre-en-cusco\/#primaryimage","inLanguage":"es","url":"https:\/\/internacional.usil.edu.pe\/internacional\/wp-content\/uploads\/2020\/08\/cusco.jpg","contentUrl":"https:\/\/internacional.usil.edu.pe\/internacional\/wp-content\/uploads\/2020\/08\/cusco.jpg","width":827,"height":493},{"@type":"WebPage","@id":"https:\/\/internacional.usil.edu.pe\/internacional\/es\/estudia-en-usil-cusco\/programas-presenciales\/semestre-en-cusco\/#webpage","url":"https:\/\/internacional.usil.edu.pe\/internacional\/es\/estudia-en-usil-cusco\/programas-presenciales\/semestre-en-cusco\/","name":"Semestre en Cusco - USIL INTERNACIONAL","isPartOf":{"@id":"https:\/\/internacional.usil.edu.pe\/internacional\/#website"},"primaryImageOfPage":{"@id":"https:\/\/internacional.usil.edu.pe\/internacional\/es\/estudia-en-usil-cusco\/programas-presenciales\/semestre-en-cusco\/#primaryimage"},"datePublished":"2020-08-30T17:43:46+00:00","dateModified":"2022-05-26T14:49:18+00:00","breadcrumb":{"@id":"https:\/\/internacional.usil.edu.pe\/internacional\/es\/estudia-en-usil-cusco\/programas-presenciales\/semestre-en-cusco\/#breadcrumb"},"inLanguage":"es","potentialAction":[{"@type":"ReadAction","target":["https:\/\/internacional.usil.edu.pe\/internacional\/es\/estudia-en-usil-cusco\/programas-presenciales\/semestre-en-cusco\/"]}]},{"@type":"BreadcrumbList","@id":"https:\/\/internacional.usil.edu.pe\/internacional\/es\/estudia-en-usil-cusco\/programas-presenciales\/semestre-en-cusco\/#breadcrumb","itemListElement":[{"@type":"ListItem","position":1,"name":"Portada","item":"https:\/\/internacional.usil.edu.pe\/internacional\/es\/"},{"@type":"ListItem","position":2,"name":"Estudia en USIL Cusco","item":"https:\/\/internacional.usil.edu.pe\/internacional\/study-in-cusco\/"},{"@type":"ListItem","position":3,"name":"Programas Presenciales","item":"https:\/\/internacional.usil.edu.pe\/internacional\/es\/estudia-en-usil-cusco\/programas-presenciales\/"},{"@type":"ListItem","position":4,"name":"Semestre en Cusco"}]}]}},"acf":[],"_links":{"self":[{"href":"https:\/\/internacional.usil.edu.pe\/internacional\/wp-json\/wp\/v2\/pages\/1910"}],"collection":[{"href":"https:\/\/internacional.usil.edu.pe\/internacional\/wp-json\/wp\/v2\/pages"}],"about":[{"href":"https:\/\/internacional.usil.edu.pe\/internacional\/wp-json\/wp\/v2\/types\/page"}],"author":[{"embeddable":true,"href":"https:\/\/internacional.usil.edu.pe\/internacional\/wp-json\/wp\/v2\/users\/1"}],"replies":[{"embeddable":true,"href":"https:\/\/internacional.usil.edu.pe\/internacional\/wp-json\/wp\/v2\/comments?post=1910"}],"version-history":[{"count":17,"href":"https:\/\/internacional.usil.edu.pe\/internacional\/wp-json\/wp\/v2\/pages\/1910\/revisions"}],"predecessor-version":[{"id":5180,"href":"https:\/\/internacional.usil.edu.pe\/internacional\/wp-json\/wp\/v2\/pages\/1910\/revisions\/5180"}],"up":[{"embeddable":true,"href":"https:\/\/internacional.usil.edu.pe\/internacional\/wp-json\/wp\/v2\/pages\/1840"}],"wp:featuredmedia":[{"embeddable":true,"href":"https:\/\/internacional.usil.edu.pe\/internacional\/wp-json\/wp\/v2\/media\/1547"}],"wp:attachment":[{"href":"https:\/\/internacional.usil.edu.pe\/internacional\/wp-json\/wp\/v2\/media?parent=1910"}],"curies":[{"name":"wp","href":"https:\/\/api.w.org\/{rel}","templated":true}]}}