{"id":1902,"date":"2020-08-30T17:42:25","date_gmt":"2020-08-30T17:42:25","guid":{"rendered":"https:\/\/internacional.usil.edu.pe\/internacional\/?page_id=1902"},"modified":"2022-05-23T02:00:33","modified_gmt":"2022-05-23T02:00:33","slug":"historia-de-la-civilizacion-inca","status":"publish","type":"page","link":"https:\/\/internacional.usil.edu.pe\/internacional\/estudia-en-usil-cusco\/programas-presenciales\/faculty-led-program\/historia-de-la-civilizacion-inca\/","title":{"rendered":"Historia de la civilizacion Inca"},"content":{"rendered":"\n<h2>Programas<\/h2>\n\n\n\n<hr class=\"wp-block-separator\"\/>\n\n\n\n<p class=\"slogan\">Faculty Led Program en Cusco<\/p>\n\n\n\n<p>Descubre Cusco con programas cortos especializados en distintos temas con inter\u00e9s internacional.<\/p>\n\n\n\n<figure><img src=\"https:\/\/internacional.usil.edu.pe\/internacional\/wp-content\/uploads\/2020\/08\/historia.png\" alt=\"\" class=\"icon-d\"><\/figure>\n\n\n\n<h3 class=\"mainDark altas\">HISTORIA DE LA CIVILIZACI\u00d3N INCA<\/h3>\n\n\n\n<p>CUSCO Y PUNO<\/p>\n\n\n\n<p><strong>APRENDE SOBRE LA CULTURA INCAICA Y SUS TRADICIONES | 3 SEMANAS<\/strong><\/p>\n\n\n\n<p>Este programa dar\u00e1 a los participantes un conocimiento profundo de la historia del Imperio Inca, as\u00ed como la presencia de los Incas en Cusco y el origen de su historia. Los participantes ser\u00e1n transportados al pasado mientras visitan la ciudad de Cusco, que la UNESCO ha declarado patrimonio de la humanidad.<\/p>\n\n\n\n<p>Program availability is subject to confirmation.&nbsp;<\/p>\n\n\n\n<p>For more information, contact:&nbsp;inboundmobility@ftarazona<br><br><br><\/p>\n","protected":false},"excerpt":{"rendered":"<p>Programas Faculty Led Program en Cusco Descubre Cusco con programas cortos especializados en distintos temas con inter\u00e9s internacional. HISTORIA DE LA CIVILIZACI\u00d3N INCA CUSCO Y PUNO APRENDE SOBRE LA CULTURA INCAICA Y SUS TRADICIONES | 3 SEMANAS Este programa dar\u00e1 a los participantes un conocimiento profundo de la historia del Imperio Inca, as\u00ed como la [&hellip;]<\/p>\n","protected":false},"author":1,"featured_media":1547,"parent":1894,"menu_order":0,"comment_status":"closed","ping_status":"closed","template":"template_item_programa_usil_cusco.php","meta":[],"yoast_head":"<!-- This site is optimized with the Yoast SEO plugin v18.3 - https:\/\/yoast.com\/wordpress\/plugins\/seo\/ -->\n<title>Historia de la civilizacion Inca - USIL INTERNACIONAL<\/title>\n<meta name=\"robots\" content=\"noindex, follow, max-snippet:-1, max-image-preview:large, max-video-preview:-1\" \/>\n<meta property=\"og:locale\" content=\"es_ES\" \/>\n<meta property=\"og:type\" content=\"article\" \/>\n<meta property=\"og:title\" content=\"Historia de la civilizacion Inca - USIL INTERNACIONAL\" \/>\n<meta property=\"og:description\" content=\"Programas Faculty Led Program en Cusco Descubre Cusco con programas cortos especializados en distintos temas con inter\u00e9s internacional. HISTORIA DE LA CIVILIZACI\u00d3N INCA CUSCO Y PUNO APRENDE SOBRE LA CULTURA INCAICA Y SUS TRADICIONES | 3 SEMANAS Este programa dar\u00e1 a los participantes un conocimiento profundo de la historia del Imperio Inca, as\u00ed como la [&hellip;]\" \/>\n<meta property=\"og:url\" content=\"https:\/\/internacional.usil.edu.pe\/internacional\/es\/estudia-en-usil-cusco\/programas-presenciales\/faculty-led-program\/historia-de-la-civilizacion-inca\/\" \/>\n<meta property=\"og:site_name\" content=\"USIL INTERNACIONAL\" \/>\n<meta property=\"article:modified_time\" content=\"2022-05-23T02:00:33+00:00\" \/>\n<meta property=\"og:image\" content=\"https:\/\/internacional.usil.edu.pe\/internacional\/wp-content\/uploads\/2020\/08\/cusco.jpg\" \/>\n\t<meta property=\"og:image:width\" content=\"827\" \/>\n\t<meta property=\"og:image:height\" content=\"493\" \/>\n\t<meta property=\"og:image:type\" content=\"image\/jpeg\" \/>\n<meta name=\"twitter:card\" content=\"summary_large_image\" \/>\n<meta name=\"twitter:label1\" content=\"Tiempo de lectura\" \/>\n\t<meta name=\"twitter:data1\" content=\"1 minuto\" \/>\n<script type=\"application\/ld+json\" class=\"yoast-schema-graph\">{\"@context\":\"https:\/\/schema.org\",\"@graph\":[{\"@type\":\"WebSite\",\"@id\":\"https:\/\/internacional.usil.edu.pe\/internacional\/#website\",\"url\":\"https:\/\/internacional.usil.edu.pe\/internacional\/\",\"name\":\"USIL INTERNACIONAL\",\"description\":\"USIL INTERNACIONAL \",\"potentialAction\":[{\"@type\":\"SearchAction\",\"target\":{\"@type\":\"EntryPoint\",\"urlTemplate\":\"https:\/\/internacional.usil.edu.pe\/internacional\/?s={search_term_string}\"},\"query-input\":\"required name=search_term_string\"}],\"inLanguage\":\"es\"},{\"@type\":\"ImageObject\",\"@id\":\"https:\/\/internacional.usil.edu.pe\/internacional\/es\/estudia-en-usil-cusco\/programas-presenciales\/faculty-led-program\/historia-de-la-civilizacion-inca\/#primaryimage\",\"inLanguage\":\"es\",\"url\":\"https:\/\/internacional.usil.edu.pe\/internacional\/wp-content\/uploads\/2020\/08\/cusco.jpg\",\"contentUrl\":\"https:\/\/internacional.usil.edu.pe\/internacional\/wp-content\/uploads\/2020\/08\/cusco.jpg\",\"width\":827,\"height\":493},{\"@type\":\"WebPage\",\"@id\":\"https:\/\/internacional.usil.edu.pe\/internacional\/es\/estudia-en-usil-cusco\/programas-presenciales\/faculty-led-program\/historia-de-la-civilizacion-inca\/#webpage\",\"url\":\"https:\/\/internacional.usil.edu.pe\/internacional\/es\/estudia-en-usil-cusco\/programas-presenciales\/faculty-led-program\/historia-de-la-civilizacion-inca\/\",\"name\":\"Historia de la civilizacion Inca - USIL INTERNACIONAL\",\"isPartOf\":{\"@id\":\"https:\/\/internacional.usil.edu.pe\/internacional\/#website\"},\"primaryImageOfPage\":{\"@id\":\"https:\/\/internacional.usil.edu.pe\/internacional\/es\/estudia-en-usil-cusco\/programas-presenciales\/faculty-led-program\/historia-de-la-civilizacion-inca\/#primaryimage\"},\"datePublished\":\"2020-08-30T17:42:25+00:00\",\"dateModified\":\"2022-05-23T02:00:33+00:00\",\"breadcrumb\":{\"@id\":\"https:\/\/internacional.usil.edu.pe\/internacional\/es\/estudia-en-usil-cusco\/programas-presenciales\/faculty-led-program\/historia-de-la-civilizacion-inca\/#breadcrumb\"},\"inLanguage\":\"es\",\"potentialAction\":[{\"@type\":\"ReadAction\",\"target\":[\"https:\/\/internacional.usil.edu.pe\/internacional\/es\/estudia-en-usil-cusco\/programas-presenciales\/faculty-led-program\/historia-de-la-civilizacion-inca\/\"]}]},{\"@type\":\"BreadcrumbList\",\"@id\":\"https:\/\/internacional.usil.edu.pe\/internacional\/es\/estudia-en-usil-cusco\/programas-presenciales\/faculty-led-program\/historia-de-la-civilizacion-inca\/#breadcrumb\",\"itemListElement\":[{\"@type\":\"ListItem\",\"position\":1,\"name\":\"Portada\",\"item\":\"https:\/\/internacional.usil.edu.pe\/internacional\/es\/\"},{\"@type\":\"ListItem\",\"position\":2,\"name\":\"Estudia en USIL Cusco\",\"item\":\"https:\/\/internacional.usil.edu.pe\/internacional\/study-in-cusco\/\"},{\"@type\":\"ListItem\",\"position\":3,\"name\":\"Programas Presenciales\",\"item\":\"https:\/\/internacional.usil.edu.pe\/internacional\/es\/estudia-en-usil-cusco\/programas-presenciales\/\"},{\"@type\":\"ListItem\",\"position\":4,\"name\":\"Faculty Led Program en Cusco\",\"item\":\"https:\/\/internacional.usil.edu.pe\/internacional\/es\/estudia-en-usil-cusco\/programas-presenciales\/faculty-led-program\/\"},{\"@type\":\"ListItem\",\"position\":5,\"name\":\"Historia de la civilizacion Inca\"}]}]}<\/script>\n<!-- \/ Yoast SEO plugin. -->","yoast_head_json":{"title":"Historia de la civilizacion Inca - USIL INTERNACIONAL","robots":{"index":"noindex","follow":"follow","max-snippet":"max-snippet:-1","max-image-preview":"max-image-preview:large","max-video-preview":"max-video-preview:-1"},"og_locale":"es_ES","og_type":"article","og_title":"Historia de la civilizacion Inca - USIL INTERNACIONAL","og_description":"Programas Faculty Led Program en Cusco Descubre Cusco con programas cortos especializados en distintos temas con inter\u00e9s internacional. HISTORIA DE LA CIVILIZACI\u00d3N INCA CUSCO Y PUNO APRENDE SOBRE LA CULTURA INCAICA Y SUS TRADICIONES | 3 SEMANAS Este programa dar\u00e1 a los participantes un conocimiento profundo de la historia del Imperio Inca, as\u00ed como la [&hellip;]","og_url":"https:\/\/internacional.usil.edu.pe\/internacional\/es\/estudia-en-usil-cusco\/programas-presenciales\/faculty-led-program\/historia-de-la-civilizacion-inca\/","og_site_name":"USIL INTERNACIONAL","article_modified_time":"2022-05-23T02:00:33+00:00","og_image":[{"width":827,"height":493,"url":"https:\/\/internacional.usil.edu.pe\/internacional\/wp-content\/uploads\/2020\/08\/cusco.jpg","type":"image\/jpeg"}],"twitter_card":"summary_large_image","twitter_misc":{"Tiempo de lectura":"1 minuto"},"schema":{"@context":"https:\/\/schema.org","@graph":[{"@type":"WebSite","@id":"https:\/\/internacional.usil.edu.pe\/internacional\/#website","url":"https:\/\/internacional.usil.edu.pe\/internacional\/","name":"USIL INTERNACIONAL","description":"USIL INTERNACIONAL ","potentialAction":[{"@type":"SearchAction","target":{"@type":"EntryPoint","urlTemplate":"https:\/\/internacional.usil.edu.pe\/internacional\/?s={search_term_string}"},"query-input":"required name=search_term_string"}],"inLanguage":"es"},{"@type":"ImageObject","@id":"https:\/\/internacional.usil.edu.pe\/internacional\/es\/estudia-en-usil-cusco\/programas-presenciales\/faculty-led-program\/historia-de-la-civilizacion-inca\/#primaryimage","inLanguage":"es","url":"https:\/\/internacional.usil.edu.pe\/internacional\/wp-content\/uploads\/2020\/08\/cusco.jpg","contentUrl":"https:\/\/internacional.usil.edu.pe\/internacional\/wp-content\/uploads\/2020\/08\/cusco.jpg","width":827,"height":493},{"@type":"WebPage","@id":"https:\/\/internacional.usil.edu.pe\/internacional\/es\/estudia-en-usil-cusco\/programas-presenciales\/faculty-led-program\/historia-de-la-civilizacion-inca\/#webpage","url":"https:\/\/internacional.usil.edu.pe\/internacional\/es\/estudia-en-usil-cusco\/programas-presenciales\/faculty-led-program\/historia-de-la-civilizacion-inca\/","name":"Historia de la civilizacion Inca - USIL INTERNACIONAL","isPartOf":{"@id":"https:\/\/internacional.usil.edu.pe\/internacional\/#website"},"primaryImageOfPage":{"@id":"https:\/\/internacional.usil.edu.pe\/internacional\/es\/estudia-en-usil-cusco\/programas-presenciales\/faculty-led-program\/historia-de-la-civilizacion-inca\/#primaryimage"},"datePublished":"2020-08-30T17:42:25+00:00","dateModified":"2022-05-23T02:00:33+00:00","breadcrumb":{"@id":"https:\/\/internacional.usil.edu.pe\/internacional\/es\/estudia-en-usil-cusco\/programas-presenciales\/faculty-led-program\/historia-de-la-civilizacion-inca\/#breadcrumb"},"inLanguage":"es","potentialAction":[{"@type":"ReadAction","target":["https:\/\/internacional.usil.edu.pe\/internacional\/es\/estudia-en-usil-cusco\/programas-presenciales\/faculty-led-program\/historia-de-la-civilizacion-inca\/"]}]},{"@type":"BreadcrumbList","@id":"https:\/\/internacional.usil.edu.pe\/internacional\/es\/estudia-en-usil-cusco\/programas-presenciales\/faculty-led-program\/historia-de-la-civilizacion-inca\/#breadcrumb","itemListElement":[{"@type":"ListItem","position":1,"name":"Portada","item":"https:\/\/internacional.usil.edu.pe\/internacional\/es\/"},{"@type":"ListItem","position":2,"name":"Estudia en USIL Cusco","item":"https:\/\/internacional.usil.edu.pe\/internacional\/study-in-cusco\/"},{"@type":"ListItem","position":3,"name":"Programas Presenciales","item":"https:\/\/internacional.usil.edu.pe\/internacional\/es\/estudia-en-usil-cusco\/programas-presenciales\/"},{"@type":"ListItem","position":4,"name":"Faculty Led Program en Cusco","item":"https:\/\/internacional.usil.edu.pe\/internacional\/es\/estudia-en-usil-cusco\/programas-presenciales\/faculty-led-program\/"},{"@type":"ListItem","position":5,"name":"Historia de la civilizacion Inca"}]}]}},"acf":[],"_links":{"self":[{"href":"https:\/\/internacional.usil.edu.pe\/internacional\/wp-json\/wp\/v2\/pages\/1902"}],"collection":[{"href":"https:\/\/internacional.usil.edu.pe\/internacional\/wp-json\/wp\/v2\/pages"}],"about":[{"href":"https:\/\/internacional.usil.edu.pe\/internacional\/wp-json\/wp\/v2\/types\/page"}],"author":[{"embeddable":true,"href":"https:\/\/internacional.usil.edu.pe\/internacional\/wp-json\/wp\/v2\/users\/1"}],"replies":[{"embeddable":true,"href":"https:\/\/internacional.usil.edu.pe\/internacional\/wp-json\/wp\/v2\/comments?post=1902"}],"version-history":[{"count":14,"href":"https:\/\/internacional.usil.edu.pe\/internacional\/wp-json\/wp\/v2\/pages\/1902\/revisions"}],"predecessor-version":[{"id":5065,"href":"https:\/\/internacional.usil.edu.pe\/internacional\/wp-json\/wp\/v2\/pages\/1902\/revisions\/5065"}],"up":[{"embeddable":true,"href":"https:\/\/internacional.usil.edu.pe\/internacional\/wp-json\/wp\/v2\/pages\/1894"}],"wp:featuredmedia":[{"embeddable":true,"href":"https:\/\/internacional.usil.edu.pe\/internacional\/wp-json\/wp\/v2\/media\/1547"}],"wp:attachment":[{"href":"https:\/\/internacional.usil.edu.pe\/internacional\/wp-json\/wp\/v2\/media?parent=1902"}],"curies":[{"name":"wp","href":"https:\/\/api.w.org\/{rel}","templated":true}]}}