{"id":1900,"date":"2020-08-30T17:42:03","date_gmt":"2020-08-30T17:42:03","guid":{"rendered":"https:\/\/internacional.usil.edu.pe\/internacional\/?page_id=1900"},"modified":"2022-05-23T01:59:07","modified_gmt":"2022-05-23T01:59:07","slug":"energia-renovable-y-manejo-de-recursos-hidricos","status":"publish","type":"page","link":"https:\/\/internacional.usil.edu.pe\/internacional\/estudia-en-usil-cusco\/programas-presenciales\/faculty-led-program\/energia-renovable-y-manejo-de-recursos-hidricos\/","title":{"rendered":"Energ\u00eda renovable y manejo de recursos h\u00eddricos"},"content":{"rendered":"\n<h2>Programas<\/h2>\n\n\n\n<hr class=\"wp-block-separator\"\/>\n\n\n\n<p class=\"slogan\">Faculty Led Program en Cusco<\/p>\n\n\n\n<p>Descubre Cusco con programas cortos especializados en distintos temas con inter\u00e9s internacional.<\/p>\n\n\n\n<figure><img src=\"https:\/\/internacional.usil.edu.pe\/internacional\/wp-content\/uploads\/2020\/08\/energia.png\" alt=\"\" class=\"icon-d\"><\/figure>\n\n\n\n<h3 class=\"mainDark altas\">ENERG\u00cdA RENOVABLE Y MANEJO DE RECURSOS H\u00cdDRICOS<\/h3>\n\n\n\n<p><strong>CONOCE EL PROBLEMA Y S\u00c9 PARTE DE LA SOLUCI\u00d3N | 9 D\u00cdAS<\/strong><\/p>\n\n\n\n<p>Este programa se lleva a cabo en su totalidad en la ciudad de Cusco y se centra en temas relacionados con la gesti\u00f3n de recursos h\u00eddricos e iniciativas sostenibles a nivel de gobierno local y municipal. Los estudiantes tendr\u00e1n la oportunidad de observar las antiguas tecnolog\u00edas de gesti\u00f3n de recursos h\u00eddricos utilizadas por la civilizaci\u00f3n inca.<\/p>\n\n\n\n<p>Program availability is subject to confirmation.&nbsp;<\/p>\n\n\n\n<p>For more information, contact:&nbsp;inboundmobility@usil.edu.pe<br><br><br><\/p>\n","protected":false},"excerpt":{"rendered":"<p>Programas Faculty Led Program en Cusco Descubre Cusco con programas cortos especializados en distintos temas con inter\u00e9s internacional. ENERG\u00cdA RENOVABLE Y MANEJO DE RECURSOS H\u00cdDRICOS CONOCE EL PROBLEMA Y S\u00c9 PARTE DE LA SOLUCI\u00d3N | 9 D\u00cdAS Este programa se lleva a cabo en su totalidad en la ciudad de Cusco y se centra en [&hellip;]<\/p>\n","protected":false},"author":1,"featured_media":1692,"parent":1894,"menu_order":0,"comment_status":"closed","ping_status":"closed","template":"template_item_programa_usil_cusco.php","meta":[],"yoast_head":"<!-- This site is optimized with the Yoast SEO plugin v18.3 - https:\/\/yoast.com\/wordpress\/plugins\/seo\/ -->\n<title>Energ\u00eda renovable y manejo de recursos h\u00eddricos - USIL INTERNACIONAL<\/title>\n<meta name=\"robots\" content=\"noindex, follow, max-snippet:-1, max-image-preview:large, max-video-preview:-1\" \/>\n<meta property=\"og:locale\" content=\"es_ES\" \/>\n<meta property=\"og:type\" content=\"article\" \/>\n<meta property=\"og:title\" content=\"Energ\u00eda renovable y manejo de recursos h\u00eddricos - USIL INTERNACIONAL\" \/>\n<meta property=\"og:description\" content=\"Programas Faculty Led Program en Cusco Descubre Cusco con programas cortos especializados en distintos temas con inter\u00e9s internacional. ENERG\u00cdA RENOVABLE Y MANEJO DE RECURSOS H\u00cdDRICOS CONOCE EL PROBLEMA Y S\u00c9 PARTE DE LA SOLUCI\u00d3N | 9 D\u00cdAS Este programa se lleva a cabo en su totalidad en la ciudad de Cusco y se centra en [&hellip;]\" \/>\n<meta property=\"og:url\" content=\"https:\/\/internacional.usil.edu.pe\/internacional\/es\/estudia-en-usil-cusco\/programas-presenciales\/faculty-led-program\/energia-renovable-y-manejo-de-recursos-hidricos\/\" \/>\n<meta property=\"og:site_name\" content=\"USIL INTERNACIONAL\" \/>\n<meta property=\"article:modified_time\" content=\"2022-05-23T01:59:07+00:00\" \/>\n<meta property=\"og:image\" content=\"https:\/\/internacional.usil.edu.pe\/internacional\/wp-content\/uploads\/2020\/08\/cusco-1.jpg\" \/>\n\t<meta property=\"og:image:width\" content=\"827\" \/>\n\t<meta property=\"og:image:height\" content=\"493\" \/>\n\t<meta property=\"og:image:type\" content=\"image\/jpeg\" \/>\n<meta name=\"twitter:card\" content=\"summary_large_image\" \/>\n<meta name=\"twitter:label1\" content=\"Tiempo de lectura\" \/>\n\t<meta name=\"twitter:data1\" content=\"1 minuto\" \/>\n<script type=\"application\/ld+json\" class=\"yoast-schema-graph\">{\"@context\":\"https:\/\/schema.org\",\"@graph\":[{\"@type\":\"WebSite\",\"@id\":\"https:\/\/internacional.usil.edu.pe\/internacional\/#website\",\"url\":\"https:\/\/internacional.usil.edu.pe\/internacional\/\",\"name\":\"USIL INTERNACIONAL\",\"description\":\"USIL INTERNACIONAL \",\"potentialAction\":[{\"@type\":\"SearchAction\",\"target\":{\"@type\":\"EntryPoint\",\"urlTemplate\":\"https:\/\/internacional.usil.edu.pe\/internacional\/?s={search_term_string}\"},\"query-input\":\"required name=search_term_string\"}],\"inLanguage\":\"es\"},{\"@type\":\"ImageObject\",\"@id\":\"https:\/\/internacional.usil.edu.pe\/internacional\/es\/estudia-en-usil-cusco\/programas-presenciales\/faculty-led-program\/energia-renovable-y-manejo-de-recursos-hidricos\/#primaryimage\",\"inLanguage\":\"es\",\"url\":\"https:\/\/internacional.usil.edu.pe\/internacional\/wp-content\/uploads\/2020\/08\/cusco-1.jpg\",\"contentUrl\":\"https:\/\/internacional.usil.edu.pe\/internacional\/wp-content\/uploads\/2020\/08\/cusco-1.jpg\",\"width\":827,\"height\":493},{\"@type\":\"WebPage\",\"@id\":\"https:\/\/internacional.usil.edu.pe\/internacional\/es\/estudia-en-usil-cusco\/programas-presenciales\/faculty-led-program\/energia-renovable-y-manejo-de-recursos-hidricos\/#webpage\",\"url\":\"https:\/\/internacional.usil.edu.pe\/internacional\/es\/estudia-en-usil-cusco\/programas-presenciales\/faculty-led-program\/energia-renovable-y-manejo-de-recursos-hidricos\/\",\"name\":\"Energ\u00eda renovable y manejo de recursos h\u00eddricos - USIL INTERNACIONAL\",\"isPartOf\":{\"@id\":\"https:\/\/internacional.usil.edu.pe\/internacional\/#website\"},\"primaryImageOfPage\":{\"@id\":\"https:\/\/internacional.usil.edu.pe\/internacional\/es\/estudia-en-usil-cusco\/programas-presenciales\/faculty-led-program\/energia-renovable-y-manejo-de-recursos-hidricos\/#primaryimage\"},\"datePublished\":\"2020-08-30T17:42:03+00:00\",\"dateModified\":\"2022-05-23T01:59:07+00:00\",\"breadcrumb\":{\"@id\":\"https:\/\/internacional.usil.edu.pe\/internacional\/es\/estudia-en-usil-cusco\/programas-presenciales\/faculty-led-program\/energia-renovable-y-manejo-de-recursos-hidricos\/#breadcrumb\"},\"inLanguage\":\"es\",\"potentialAction\":[{\"@type\":\"ReadAction\",\"target\":[\"https:\/\/internacional.usil.edu.pe\/internacional\/es\/estudia-en-usil-cusco\/programas-presenciales\/faculty-led-program\/energia-renovable-y-manejo-de-recursos-hidricos\/\"]}]},{\"@type\":\"BreadcrumbList\",\"@id\":\"https:\/\/internacional.usil.edu.pe\/internacional\/es\/estudia-en-usil-cusco\/programas-presenciales\/faculty-led-program\/energia-renovable-y-manejo-de-recursos-hidricos\/#breadcrumb\",\"itemListElement\":[{\"@type\":\"ListItem\",\"position\":1,\"name\":\"Portada\",\"item\":\"https:\/\/internacional.usil.edu.pe\/internacional\/es\/\"},{\"@type\":\"ListItem\",\"position\":2,\"name\":\"Estudia en USIL Cusco\",\"item\":\"https:\/\/internacional.usil.edu.pe\/internacional\/study-in-cusco\/\"},{\"@type\":\"ListItem\",\"position\":3,\"name\":\"Programas Presenciales\",\"item\":\"https:\/\/internacional.usil.edu.pe\/internacional\/es\/estudia-en-usil-cusco\/programas-presenciales\/\"},{\"@type\":\"ListItem\",\"position\":4,\"name\":\"Faculty Led Program en Cusco\",\"item\":\"https:\/\/internacional.usil.edu.pe\/internacional\/es\/estudia-en-usil-cusco\/programas-presenciales\/faculty-led-program\/\"},{\"@type\":\"ListItem\",\"position\":5,\"name\":\"Energ\u00eda renovable y manejo de recursos h\u00eddricos\"}]}]}<\/script>\n<!-- \/ Yoast SEO plugin. -->","yoast_head_json":{"title":"Energ\u00eda renovable y manejo de recursos h\u00eddricos - USIL INTERNACIONAL","robots":{"index":"noindex","follow":"follow","max-snippet":"max-snippet:-1","max-image-preview":"max-image-preview:large","max-video-preview":"max-video-preview:-1"},"og_locale":"es_ES","og_type":"article","og_title":"Energ\u00eda renovable y manejo de recursos h\u00eddricos - USIL INTERNACIONAL","og_description":"Programas Faculty Led Program en Cusco Descubre Cusco con programas cortos especializados en distintos temas con inter\u00e9s internacional. ENERG\u00cdA RENOVABLE Y MANEJO DE RECURSOS H\u00cdDRICOS CONOCE EL PROBLEMA Y S\u00c9 PARTE DE LA SOLUCI\u00d3N | 9 D\u00cdAS Este programa se lleva a cabo en su totalidad en la ciudad de Cusco y se centra en [&hellip;]","og_url":"https:\/\/internacional.usil.edu.pe\/internacional\/es\/estudia-en-usil-cusco\/programas-presenciales\/faculty-led-program\/energia-renovable-y-manejo-de-recursos-hidricos\/","og_site_name":"USIL INTERNACIONAL","article_modified_time":"2022-05-23T01:59:07+00:00","og_image":[{"width":827,"height":493,"url":"https:\/\/internacional.usil.edu.pe\/internacional\/wp-content\/uploads\/2020\/08\/cusco-1.jpg","type":"image\/jpeg"}],"twitter_card":"summary_large_image","twitter_misc":{"Tiempo de lectura":"1 minuto"},"schema":{"@context":"https:\/\/schema.org","@graph":[{"@type":"WebSite","@id":"https:\/\/internacional.usil.edu.pe\/internacional\/#website","url":"https:\/\/internacional.usil.edu.pe\/internacional\/","name":"USIL INTERNACIONAL","description":"USIL INTERNACIONAL ","potentialAction":[{"@type":"SearchAction","target":{"@type":"EntryPoint","urlTemplate":"https:\/\/internacional.usil.edu.pe\/internacional\/?s={search_term_string}"},"query-input":"required name=search_term_string"}],"inLanguage":"es"},{"@type":"ImageObject","@id":"https:\/\/internacional.usil.edu.pe\/internacional\/es\/estudia-en-usil-cusco\/programas-presenciales\/faculty-led-program\/energia-renovable-y-manejo-de-recursos-hidricos\/#primaryimage","inLanguage":"es","url":"https:\/\/internacional.usil.edu.pe\/internacional\/wp-content\/uploads\/2020\/08\/cusco-1.jpg","contentUrl":"https:\/\/internacional.usil.edu.pe\/internacional\/wp-content\/uploads\/2020\/08\/cusco-1.jpg","width":827,"height":493},{"@type":"WebPage","@id":"https:\/\/internacional.usil.edu.pe\/internacional\/es\/estudia-en-usil-cusco\/programas-presenciales\/faculty-led-program\/energia-renovable-y-manejo-de-recursos-hidricos\/#webpage","url":"https:\/\/internacional.usil.edu.pe\/internacional\/es\/estudia-en-usil-cusco\/programas-presenciales\/faculty-led-program\/energia-renovable-y-manejo-de-recursos-hidricos\/","name":"Energ\u00eda renovable y manejo de recursos h\u00eddricos - USIL INTERNACIONAL","isPartOf":{"@id":"https:\/\/internacional.usil.edu.pe\/internacional\/#website"},"primaryImageOfPage":{"@id":"https:\/\/internacional.usil.edu.pe\/internacional\/es\/estudia-en-usil-cusco\/programas-presenciales\/faculty-led-program\/energia-renovable-y-manejo-de-recursos-hidricos\/#primaryimage"},"datePublished":"2020-08-30T17:42:03+00:00","dateModified":"2022-05-23T01:59:07+00:00","breadcrumb":{"@id":"https:\/\/internacional.usil.edu.pe\/internacional\/es\/estudia-en-usil-cusco\/programas-presenciales\/faculty-led-program\/energia-renovable-y-manejo-de-recursos-hidricos\/#breadcrumb"},"inLanguage":"es","potentialAction":[{"@type":"ReadAction","target":["https:\/\/internacional.usil.edu.pe\/internacional\/es\/estudia-en-usil-cusco\/programas-presenciales\/faculty-led-program\/energia-renovable-y-manejo-de-recursos-hidricos\/"]}]},{"@type":"BreadcrumbList","@id":"https:\/\/internacional.usil.edu.pe\/internacional\/es\/estudia-en-usil-cusco\/programas-presenciales\/faculty-led-program\/energia-renovable-y-manejo-de-recursos-hidricos\/#breadcrumb","itemListElement":[{"@type":"ListItem","position":1,"name":"Portada","item":"https:\/\/internacional.usil.edu.pe\/internacional\/es\/"},{"@type":"ListItem","position":2,"name":"Estudia en USIL Cusco","item":"https:\/\/internacional.usil.edu.pe\/internacional\/study-in-cusco\/"},{"@type":"ListItem","position":3,"name":"Programas Presenciales","item":"https:\/\/internacional.usil.edu.pe\/internacional\/es\/estudia-en-usil-cusco\/programas-presenciales\/"},{"@type":"ListItem","position":4,"name":"Faculty Led Program en Cusco","item":"https:\/\/internacional.usil.edu.pe\/internacional\/es\/estudia-en-usil-cusco\/programas-presenciales\/faculty-led-program\/"},{"@type":"ListItem","position":5,"name":"Energ\u00eda renovable y manejo de recursos h\u00eddricos"}]}]}},"acf":[],"_links":{"self":[{"href":"https:\/\/internacional.usil.edu.pe\/internacional\/wp-json\/wp\/v2\/pages\/1900"}],"collection":[{"href":"https:\/\/internacional.usil.edu.pe\/internacional\/wp-json\/wp\/v2\/pages"}],"about":[{"href":"https:\/\/internacional.usil.edu.pe\/internacional\/wp-json\/wp\/v2\/types\/page"}],"author":[{"embeddable":true,"href":"https:\/\/internacional.usil.edu.pe\/internacional\/wp-json\/wp\/v2\/users\/1"}],"replies":[{"embeddable":true,"href":"https:\/\/internacional.usil.edu.pe\/internacional\/wp-json\/wp\/v2\/comments?post=1900"}],"version-history":[{"count":12,"href":"https:\/\/internacional.usil.edu.pe\/internacional\/wp-json\/wp\/v2\/pages\/1900\/revisions"}],"predecessor-version":[{"id":5063,"href":"https:\/\/internacional.usil.edu.pe\/internacional\/wp-json\/wp\/v2\/pages\/1900\/revisions\/5063"}],"up":[{"embeddable":true,"href":"https:\/\/internacional.usil.edu.pe\/internacional\/wp-json\/wp\/v2\/pages\/1894"}],"wp:featuredmedia":[{"embeddable":true,"href":"https:\/\/internacional.usil.edu.pe\/internacional\/wp-json\/wp\/v2\/media\/1692"}],"wp:attachment":[{"href":"https:\/\/internacional.usil.edu.pe\/internacional\/wp-json\/wp\/v2\/media?parent=1900"}],"curies":[{"name":"wp","href":"https:\/\/api.w.org\/{rel}","templated":true}]}}