{"id":1898,"date":"2020-08-30T17:41:42","date_gmt":"2020-08-30T17:41:42","guid":{"rendered":"https:\/\/internacional.usil.edu.pe\/internacional\/?page_id=1898"},"modified":"2022-05-23T01:29:29","modified_gmt":"2022-05-23T01:29:29","slug":"arquitectura-inca","status":"publish","type":"page","link":"https:\/\/internacional.usil.edu.pe\/internacional\/estudia-en-usil-cusco\/programas-presenciales\/faculty-led-program\/arquitectura-inca\/","title":{"rendered":"Arquitectura Inca"},"content":{"rendered":"\n<h2>Programas<\/h2>\n\n\n\n<hr class=\"wp-block-separator\"\/>\n\n\n\n<p class=\"slogan\">Faculty Led Program en Cusco<\/p>\n\n\n\n<p>Descubre Cusco con programas cortos especializados en distintos temas con inter\u00e9s internacional.<\/p>\n\n\n\n<figure><img src=\"https:\/\/internacional.usil.edu.pe\/internacional\/wp-content\/uploads\/2020\/08\/arquitectura-1.png\" alt=\"\" class=\"icon-d\"><\/figure>\n\n\n\n<h3 class=\"bold mainDark altas\">ARQUITECTURA ANDINA<\/h3>\n\n\n\n<p><strong>DESCUBRE Y VIVE LA EXPERIENCIA DEL IMPERIO INCA EN LA MODERNIDAD | 10 D\u00cdAS<\/strong><\/p>\n\n\n\n<p>Clases, excursiones guiadas y actividades centradas en la arquitectura inca; as\u00ed como experiencias con la cultura local, costumbres e historia. El objetivo es que los estudiantes comprendan la arquitectura inca como producto de la organizaci\u00f3n social dentro de un per\u00edodo de tiempo espec\u00edfico, que debe conservarse y protegerse en nuestro tiempo.<\/p>\n\n\n\n<p>Program availability is subject to confirmation.&nbsp;<\/p>\n\n\n\n<p>For more information, contact:\u00a0inboundmobility@usil.edu.pe<\/p>\n","protected":false},"excerpt":{"rendered":"<p>Programas Faculty Led Program en Cusco Descubre Cusco con programas cortos especializados en distintos temas con inter\u00e9s internacional. ARQUITECTURA ANDINA DESCUBRE Y VIVE LA EXPERIENCIA DEL IMPERIO INCA EN LA MODERNIDAD | 10 D\u00cdAS Clases, excursiones guiadas y actividades centradas en la arquitectura inca; as\u00ed como experiencias con la cultura local, costumbres e historia. El [&hellip;]<\/p>\n","protected":false},"author":1,"featured_media":1692,"parent":1894,"menu_order":0,"comment_status":"closed","ping_status":"closed","template":"template_item_programa_usil_cusco.php","meta":[],"yoast_head":"<!-- This site is optimized with the Yoast SEO plugin v18.3 - https:\/\/yoast.com\/wordpress\/plugins\/seo\/ -->\n<title>Arquitectura Inca - USIL INTERNACIONAL<\/title>\n<meta name=\"robots\" content=\"noindex, follow, max-snippet:-1, max-image-preview:large, max-video-preview:-1\" \/>\n<meta property=\"og:locale\" content=\"es_ES\" \/>\n<meta property=\"og:type\" content=\"article\" \/>\n<meta property=\"og:title\" content=\"Arquitectura Inca - USIL INTERNACIONAL\" \/>\n<meta property=\"og:description\" content=\"Programas Faculty Led Program en Cusco Descubre Cusco con programas cortos especializados en distintos temas con inter\u00e9s internacional. ARQUITECTURA ANDINA DESCUBRE Y VIVE LA EXPERIENCIA DEL IMPERIO INCA EN LA MODERNIDAD | 10 D\u00cdAS Clases, excursiones guiadas y actividades centradas en la arquitectura inca; as\u00ed como experiencias con la cultura local, costumbres e historia. El [&hellip;]\" \/>\n<meta property=\"og:url\" content=\"https:\/\/internacional.usil.edu.pe\/internacional\/es\/estudia-en-usil-cusco\/programas-presenciales\/faculty-led-program\/arquitectura-inca\/\" \/>\n<meta property=\"og:site_name\" content=\"USIL INTERNACIONAL\" \/>\n<meta property=\"article:modified_time\" content=\"2022-05-23T01:29:29+00:00\" \/>\n<meta property=\"og:image\" content=\"https:\/\/internacional.usil.edu.pe\/internacional\/wp-content\/uploads\/2020\/08\/cusco-1.jpg\" \/>\n\t<meta property=\"og:image:width\" content=\"827\" \/>\n\t<meta property=\"og:image:height\" content=\"493\" \/>\n\t<meta property=\"og:image:type\" content=\"image\/jpeg\" \/>\n<meta name=\"twitter:card\" content=\"summary_large_image\" \/>\n<meta name=\"twitter:label1\" content=\"Tiempo de lectura\" \/>\n\t<meta name=\"twitter:data1\" content=\"1 minuto\" \/>\n<script type=\"application\/ld+json\" class=\"yoast-schema-graph\">{\"@context\":\"https:\/\/schema.org\",\"@graph\":[{\"@type\":\"WebSite\",\"@id\":\"https:\/\/internacional.usil.edu.pe\/internacional\/#website\",\"url\":\"https:\/\/internacional.usil.edu.pe\/internacional\/\",\"name\":\"USIL INTERNACIONAL\",\"description\":\"USIL INTERNACIONAL \",\"potentialAction\":[{\"@type\":\"SearchAction\",\"target\":{\"@type\":\"EntryPoint\",\"urlTemplate\":\"https:\/\/internacional.usil.edu.pe\/internacional\/?s={search_term_string}\"},\"query-input\":\"required name=search_term_string\"}],\"inLanguage\":\"es\"},{\"@type\":\"ImageObject\",\"@id\":\"https:\/\/internacional.usil.edu.pe\/internacional\/es\/estudia-en-usil-cusco\/programas-presenciales\/faculty-led-program\/arquitectura-inca\/#primaryimage\",\"inLanguage\":\"es\",\"url\":\"https:\/\/internacional.usil.edu.pe\/internacional\/wp-content\/uploads\/2020\/08\/cusco-1.jpg\",\"contentUrl\":\"https:\/\/internacional.usil.edu.pe\/internacional\/wp-content\/uploads\/2020\/08\/cusco-1.jpg\",\"width\":827,\"height\":493},{\"@type\":\"WebPage\",\"@id\":\"https:\/\/internacional.usil.edu.pe\/internacional\/es\/estudia-en-usil-cusco\/programas-presenciales\/faculty-led-program\/arquitectura-inca\/#webpage\",\"url\":\"https:\/\/internacional.usil.edu.pe\/internacional\/es\/estudia-en-usil-cusco\/programas-presenciales\/faculty-led-program\/arquitectura-inca\/\",\"name\":\"Arquitectura Inca - USIL INTERNACIONAL\",\"isPartOf\":{\"@id\":\"https:\/\/internacional.usil.edu.pe\/internacional\/#website\"},\"primaryImageOfPage\":{\"@id\":\"https:\/\/internacional.usil.edu.pe\/internacional\/es\/estudia-en-usil-cusco\/programas-presenciales\/faculty-led-program\/arquitectura-inca\/#primaryimage\"},\"datePublished\":\"2020-08-30T17:41:42+00:00\",\"dateModified\":\"2022-05-23T01:29:29+00:00\",\"breadcrumb\":{\"@id\":\"https:\/\/internacional.usil.edu.pe\/internacional\/es\/estudia-en-usil-cusco\/programas-presenciales\/faculty-led-program\/arquitectura-inca\/#breadcrumb\"},\"inLanguage\":\"es\",\"potentialAction\":[{\"@type\":\"ReadAction\",\"target\":[\"https:\/\/internacional.usil.edu.pe\/internacional\/es\/estudia-en-usil-cusco\/programas-presenciales\/faculty-led-program\/arquitectura-inca\/\"]}]},{\"@type\":\"BreadcrumbList\",\"@id\":\"https:\/\/internacional.usil.edu.pe\/internacional\/es\/estudia-en-usil-cusco\/programas-presenciales\/faculty-led-program\/arquitectura-inca\/#breadcrumb\",\"itemListElement\":[{\"@type\":\"ListItem\",\"position\":1,\"name\":\"Portada\",\"item\":\"https:\/\/internacional.usil.edu.pe\/internacional\/es\/\"},{\"@type\":\"ListItem\",\"position\":2,\"name\":\"Estudia en USIL Cusco\",\"item\":\"https:\/\/internacional.usil.edu.pe\/internacional\/study-in-cusco\/\"},{\"@type\":\"ListItem\",\"position\":3,\"name\":\"Programas Presenciales\",\"item\":\"https:\/\/internacional.usil.edu.pe\/internacional\/es\/estudia-en-usil-cusco\/programas-presenciales\/\"},{\"@type\":\"ListItem\",\"position\":4,\"name\":\"Faculty Led Program en Cusco\",\"item\":\"https:\/\/internacional.usil.edu.pe\/internacional\/es\/estudia-en-usil-cusco\/programas-presenciales\/faculty-led-program\/\"},{\"@type\":\"ListItem\",\"position\":5,\"name\":\"Arquitectura Inca\"}]}]}<\/script>\n<!-- \/ Yoast SEO plugin. -->","yoast_head_json":{"title":"Arquitectura Inca - USIL INTERNACIONAL","robots":{"index":"noindex","follow":"follow","max-snippet":"max-snippet:-1","max-image-preview":"max-image-preview:large","max-video-preview":"max-video-preview:-1"},"og_locale":"es_ES","og_type":"article","og_title":"Arquitectura Inca - USIL INTERNACIONAL","og_description":"Programas Faculty Led Program en Cusco Descubre Cusco con programas cortos especializados en distintos temas con inter\u00e9s internacional. ARQUITECTURA ANDINA DESCUBRE Y VIVE LA EXPERIENCIA DEL IMPERIO INCA EN LA MODERNIDAD | 10 D\u00cdAS Clases, excursiones guiadas y actividades centradas en la arquitectura inca; as\u00ed como experiencias con la cultura local, costumbres e historia. El [&hellip;]","og_url":"https:\/\/internacional.usil.edu.pe\/internacional\/es\/estudia-en-usil-cusco\/programas-presenciales\/faculty-led-program\/arquitectura-inca\/","og_site_name":"USIL INTERNACIONAL","article_modified_time":"2022-05-23T01:29:29+00:00","og_image":[{"width":827,"height":493,"url":"https:\/\/internacional.usil.edu.pe\/internacional\/wp-content\/uploads\/2020\/08\/cusco-1.jpg","type":"image\/jpeg"}],"twitter_card":"summary_large_image","twitter_misc":{"Tiempo de lectura":"1 minuto"},"schema":{"@context":"https:\/\/schema.org","@graph":[{"@type":"WebSite","@id":"https:\/\/internacional.usil.edu.pe\/internacional\/#website","url":"https:\/\/internacional.usil.edu.pe\/internacional\/","name":"USIL INTERNACIONAL","description":"USIL INTERNACIONAL ","potentialAction":[{"@type":"SearchAction","target":{"@type":"EntryPoint","urlTemplate":"https:\/\/internacional.usil.edu.pe\/internacional\/?s={search_term_string}"},"query-input":"required name=search_term_string"}],"inLanguage":"es"},{"@type":"ImageObject","@id":"https:\/\/internacional.usil.edu.pe\/internacional\/es\/estudia-en-usil-cusco\/programas-presenciales\/faculty-led-program\/arquitectura-inca\/#primaryimage","inLanguage":"es","url":"https:\/\/internacional.usil.edu.pe\/internacional\/wp-content\/uploads\/2020\/08\/cusco-1.jpg","contentUrl":"https:\/\/internacional.usil.edu.pe\/internacional\/wp-content\/uploads\/2020\/08\/cusco-1.jpg","width":827,"height":493},{"@type":"WebPage","@id":"https:\/\/internacional.usil.edu.pe\/internacional\/es\/estudia-en-usil-cusco\/programas-presenciales\/faculty-led-program\/arquitectura-inca\/#webpage","url":"https:\/\/internacional.usil.edu.pe\/internacional\/es\/estudia-en-usil-cusco\/programas-presenciales\/faculty-led-program\/arquitectura-inca\/","name":"Arquitectura Inca - USIL INTERNACIONAL","isPartOf":{"@id":"https:\/\/internacional.usil.edu.pe\/internacional\/#website"},"primaryImageOfPage":{"@id":"https:\/\/internacional.usil.edu.pe\/internacional\/es\/estudia-en-usil-cusco\/programas-presenciales\/faculty-led-program\/arquitectura-inca\/#primaryimage"},"datePublished":"2020-08-30T17:41:42+00:00","dateModified":"2022-05-23T01:29:29+00:00","breadcrumb":{"@id":"https:\/\/internacional.usil.edu.pe\/internacional\/es\/estudia-en-usil-cusco\/programas-presenciales\/faculty-led-program\/arquitectura-inca\/#breadcrumb"},"inLanguage":"es","potentialAction":[{"@type":"ReadAction","target":["https:\/\/internacional.usil.edu.pe\/internacional\/es\/estudia-en-usil-cusco\/programas-presenciales\/faculty-led-program\/arquitectura-inca\/"]}]},{"@type":"BreadcrumbList","@id":"https:\/\/internacional.usil.edu.pe\/internacional\/es\/estudia-en-usil-cusco\/programas-presenciales\/faculty-led-program\/arquitectura-inca\/#breadcrumb","itemListElement":[{"@type":"ListItem","position":1,"name":"Portada","item":"https:\/\/internacional.usil.edu.pe\/internacional\/es\/"},{"@type":"ListItem","position":2,"name":"Estudia en USIL Cusco","item":"https:\/\/internacional.usil.edu.pe\/internacional\/study-in-cusco\/"},{"@type":"ListItem","position":3,"name":"Programas Presenciales","item":"https:\/\/internacional.usil.edu.pe\/internacional\/es\/estudia-en-usil-cusco\/programas-presenciales\/"},{"@type":"ListItem","position":4,"name":"Faculty Led Program en Cusco","item":"https:\/\/internacional.usil.edu.pe\/internacional\/es\/estudia-en-usil-cusco\/programas-presenciales\/faculty-led-program\/"},{"@type":"ListItem","position":5,"name":"Arquitectura Inca"}]}]}},"acf":[],"_links":{"self":[{"href":"https:\/\/internacional.usil.edu.pe\/internacional\/wp-json\/wp\/v2\/pages\/1898"}],"collection":[{"href":"https:\/\/internacional.usil.edu.pe\/internacional\/wp-json\/wp\/v2\/pages"}],"about":[{"href":"https:\/\/internacional.usil.edu.pe\/internacional\/wp-json\/wp\/v2\/types\/page"}],"author":[{"embeddable":true,"href":"https:\/\/internacional.usil.edu.pe\/internacional\/wp-json\/wp\/v2\/users\/1"}],"replies":[{"embeddable":true,"href":"https:\/\/internacional.usil.edu.pe\/internacional\/wp-json\/wp\/v2\/comments?post=1898"}],"version-history":[{"count":9,"href":"https:\/\/internacional.usil.edu.pe\/internacional\/wp-json\/wp\/v2\/pages\/1898\/revisions"}],"predecessor-version":[{"id":5037,"href":"https:\/\/internacional.usil.edu.pe\/internacional\/wp-json\/wp\/v2\/pages\/1898\/revisions\/5037"}],"up":[{"embeddable":true,"href":"https:\/\/internacional.usil.edu.pe\/internacional\/wp-json\/wp\/v2\/pages\/1894"}],"wp:featuredmedia":[{"embeddable":true,"href":"https:\/\/internacional.usil.edu.pe\/internacional\/wp-json\/wp\/v2\/media\/1692"}],"wp:attachment":[{"href":"https:\/\/internacional.usil.edu.pe\/internacional\/wp-json\/wp\/v2\/media?parent=1898"}],"curies":[{"name":"wp","href":"https:\/\/api.w.org\/{rel}","templated":true}]}}