{"id":1775,"date":"2020-08-30T15:32:45","date_gmt":"2020-08-30T15:32:45","guid":{"rendered":"https:\/\/internacional.usil.edu.pe\/internacional\/?page_id=1775"},"modified":"2021-05-27T19:35:00","modified_gmt":"2021-05-27T19:35:00","slug":"newsletter","status":"publish","type":"page","link":"https:\/\/internacional.usil.edu.pe\/internacional\/programas-online\/newsletter\/","title":{"rendered":"Newsletter"},"content":{"rendered":"\n<h2>Newsletter<\/h2>\n\n\n\n<hr class=\"wp-block-separator\"\/>\n\n\n\n<p><strong>Universidad San Ignacio de Loyola<\/strong><\/p>\n\n\n\n<p><span style=\"color:#6f42c1\" class=\"has-inline-color\">Esta es una publicaci\u00f3n trimestral en la que informamos sobre nuestras actividades y las actividades con nuestros socios internacionales.<\/span><\/p>\n\n\n\n<p>La USIL, a trav\u00e9s de la Direcci\u00f3n de Relaciones Internacionales, mantiene alianzas con m\u00e1s de 270 instituciones internacionales, a las cuales desea mantenerlas informadas sobre sus eventos, colaboraciones, proyectos, actividades y programas en tiempos de pandemia, los cuales son relevantes para el trabajo conjunto que se est\u00e1 realizando. Aqu\u00ed compartimos la noticia de la Universidad San Ignacio de Loyola.<\/p>\n\n\n\n<p><strong>Newsletter Junio &#8211; Julio 2020<\/strong><\/p>\n\n\n\n<figure class=\"wp-block-embed-issuu wp-block-embed is-type-rich is-provider-issuu\"><div class=\"wp-block-embed__wrapper\">\n<div data-url=\"https:\/\/issuu.com\/usilinternational2020\/docs\/usil-newsletter-june-july\" style=\"width: 500px; height: 353px;\" class=\"issuuembed\"><\/div><script type=\"text\/javascript\" src=\"\/\/e.issuu.com\/embed.js\" async=\"true\"><\/script>\n<\/div><\/figure>\n\n\n\n<p><br><strong>Newsletter Agosto &#8211; Octubre 2020<\/strong><\/p>\n\n\n\n<figure class=\"wp-block-embed-issuu wp-block-embed is-type-rich is-provider-issuu\"><div class=\"wp-block-embed__wrapper\">\n<div data-url=\"https:\/\/issuu.com\/usilinternational2020\/docs\/newsletter-usil-internacional-agosto-octubre-2020\" style=\"width: 500px; height: 353px;\" class=\"issuuembed\"><\/div><script type=\"text\/javascript\" src=\"\/\/e.issuu.com\/embed.js\" async=\"true\"><\/script>\n<\/div><\/figure>\n\n\n\n<p><strong>Newsletter Noviembre &#8211; Diciembre 2020<\/strong><\/p>\n\n\n\n<figure class=\"wp-block-embed-issuu wp-block-embed is-type-rich is-provider-issuu\"><div class=\"wp-block-embed__wrapper\">\n<div data-url=\"https:\/\/issuu.com\/usilinternational2020\/docs\/newsletter-usil-internacional-nov-dic-2020\" style=\"width: 500px; height: 353px;\" class=\"issuuembed\"><\/div><script type=\"text\/javascript\" src=\"\/\/e.issuu.com\/embed.js\" async=\"true\"><\/script> \n<\/div><\/figure>\n\n\n\n<p><\/p>\n\n\n\n<p><strong>Newsletter Enero &#8211; Marzo 2021<\/strong><br><a href=\"https:\/\/www.flipsnack.com\/CPAUSIL\/newsletter-enero-marzo-1.html\">https:\/\/www.flipsnack.com\/CPAUSIL\/newsletter-enero-marzo-1.html<\/a><\/p>\n\n\n\n<p><\/p>\n","protected":false},"excerpt":{"rendered":"<p>Newsletter Universidad San Ignacio de Loyola Esta es una publicaci\u00f3n trimestral en la que informamos sobre nuestras actividades y las actividades con nuestros socios internacionales. La USIL, a trav\u00e9s de la Direcci\u00f3n de Relaciones Internacionales, mantiene alianzas con m\u00e1s de 270 instituciones internacionales, a las cuales desea mantenerlas informadas sobre sus eventos, colaboraciones, proyectos, actividades [&hellip;]<\/p>\n","protected":false},"author":1,"featured_media":1692,"parent":241,"menu_order":0,"comment_status":"closed","ping_status":"closed","template":"template_programas.php","meta":[],"yoast_head":"<!-- This site is optimized with the Yoast SEO plugin v18.3 - https:\/\/yoast.com\/wordpress\/plugins\/seo\/ -->\n<title>Newsletter - USIL INTERNACIONAL<\/title>\n<meta name=\"robots\" content=\"noindex, follow, max-snippet:-1, max-image-preview:large, max-video-preview:-1\" \/>\n<meta property=\"og:locale\" content=\"es_ES\" \/>\n<meta property=\"og:type\" content=\"article\" \/>\n<meta property=\"og:title\" content=\"Newsletter - USIL INTERNACIONAL\" \/>\n<meta property=\"og:description\" content=\"Newsletter Universidad San Ignacio de Loyola Esta es una publicaci\u00f3n trimestral en la que informamos sobre nuestras actividades y las actividades con nuestros socios internacionales. La USIL, a trav\u00e9s de la Direcci\u00f3n de Relaciones Internacionales, mantiene alianzas con m\u00e1s de 270 instituciones internacionales, a las cuales desea mantenerlas informadas sobre sus eventos, colaboraciones, proyectos, actividades [&hellip;]\" \/>\n<meta property=\"og:url\" content=\"https:\/\/internacional.usil.edu.pe\/internacional\/es\/programas-online\/newsletter\/\" \/>\n<meta property=\"og:site_name\" content=\"USIL INTERNACIONAL\" \/>\n<meta property=\"article:modified_time\" content=\"2021-05-27T19:35:00+00:00\" \/>\n<meta property=\"og:image\" content=\"https:\/\/internacional.usil.edu.pe\/internacional\/wp-content\/uploads\/2020\/08\/cusco-1.jpg\" \/>\n\t<meta property=\"og:image:width\" content=\"827\" \/>\n\t<meta property=\"og:image:height\" content=\"493\" \/>\n\t<meta property=\"og:image:type\" content=\"image\/jpeg\" \/>\n<meta name=\"twitter:card\" content=\"summary_large_image\" \/>\n<meta name=\"twitter:label1\" content=\"Tiempo de lectura\" \/>\n\t<meta name=\"twitter:data1\" content=\"1 minuto\" \/>\n<script type=\"application\/ld+json\" class=\"yoast-schema-graph\">{\"@context\":\"https:\/\/schema.org\",\"@graph\":[{\"@type\":\"WebSite\",\"@id\":\"https:\/\/internacional.usil.edu.pe\/internacional\/#website\",\"url\":\"https:\/\/internacional.usil.edu.pe\/internacional\/\",\"name\":\"USIL INTERNACIONAL\",\"description\":\"USIL INTERNACIONAL \",\"potentialAction\":[{\"@type\":\"SearchAction\",\"target\":{\"@type\":\"EntryPoint\",\"urlTemplate\":\"https:\/\/internacional.usil.edu.pe\/internacional\/?s={search_term_string}\"},\"query-input\":\"required name=search_term_string\"}],\"inLanguage\":\"es\"},{\"@type\":\"ImageObject\",\"@id\":\"https:\/\/internacional.usil.edu.pe\/internacional\/es\/programas-online\/newsletter\/#primaryimage\",\"inLanguage\":\"es\",\"url\":\"https:\/\/internacional.usil.edu.pe\/internacional\/wp-content\/uploads\/2020\/08\/cusco-1.jpg\",\"contentUrl\":\"https:\/\/internacional.usil.edu.pe\/internacional\/wp-content\/uploads\/2020\/08\/cusco-1.jpg\",\"width\":827,\"height\":493},{\"@type\":\"WebPage\",\"@id\":\"https:\/\/internacional.usil.edu.pe\/internacional\/es\/programas-online\/newsletter\/#webpage\",\"url\":\"https:\/\/internacional.usil.edu.pe\/internacional\/es\/programas-online\/newsletter\/\",\"name\":\"Newsletter - USIL INTERNACIONAL\",\"isPartOf\":{\"@id\":\"https:\/\/internacional.usil.edu.pe\/internacional\/#website\"},\"primaryImageOfPage\":{\"@id\":\"https:\/\/internacional.usil.edu.pe\/internacional\/es\/programas-online\/newsletter\/#primaryimage\"},\"datePublished\":\"2020-08-30T15:32:45+00:00\",\"dateModified\":\"2021-05-27T19:35:00+00:00\",\"breadcrumb\":{\"@id\":\"https:\/\/internacional.usil.edu.pe\/internacional\/es\/programas-online\/newsletter\/#breadcrumb\"},\"inLanguage\":\"es\",\"potentialAction\":[{\"@type\":\"ReadAction\",\"target\":[\"https:\/\/internacional.usil.edu.pe\/internacional\/es\/programas-online\/newsletter\/\"]}]},{\"@type\":\"BreadcrumbList\",\"@id\":\"https:\/\/internacional.usil.edu.pe\/internacional\/es\/programas-online\/newsletter\/#breadcrumb\",\"itemListElement\":[{\"@type\":\"ListItem\",\"position\":1,\"name\":\"Portada\",\"item\":\"https:\/\/internacional.usil.edu.pe\/internacional\/es\/\"},{\"@type\":\"ListItem\",\"position\":2,\"name\":\"USIL Online\",\"item\":\"https:\/\/internacional.usil.edu.pe\/internacional\/es\/programas-online\/\"},{\"@type\":\"ListItem\",\"position\":3,\"name\":\"Newsletter\"}]}]}<\/script>\n<!-- \/ Yoast SEO plugin. -->","yoast_head_json":{"title":"Newsletter - USIL INTERNACIONAL","robots":{"index":"noindex","follow":"follow","max-snippet":"max-snippet:-1","max-image-preview":"max-image-preview:large","max-video-preview":"max-video-preview:-1"},"og_locale":"es_ES","og_type":"article","og_title":"Newsletter - USIL INTERNACIONAL","og_description":"Newsletter Universidad San Ignacio de Loyola Esta es una publicaci\u00f3n trimestral en la que informamos sobre nuestras actividades y las actividades con nuestros socios internacionales. La USIL, a trav\u00e9s de la Direcci\u00f3n de Relaciones Internacionales, mantiene alianzas con m\u00e1s de 270 instituciones internacionales, a las cuales desea mantenerlas informadas sobre sus eventos, colaboraciones, proyectos, actividades [&hellip;]","og_url":"https:\/\/internacional.usil.edu.pe\/internacional\/es\/programas-online\/newsletter\/","og_site_name":"USIL INTERNACIONAL","article_modified_time":"2021-05-27T19:35:00+00:00","og_image":[{"width":827,"height":493,"url":"https:\/\/internacional.usil.edu.pe\/internacional\/wp-content\/uploads\/2020\/08\/cusco-1.jpg","type":"image\/jpeg"}],"twitter_card":"summary_large_image","twitter_misc":{"Tiempo de lectura":"1 minuto"},"schema":{"@context":"https:\/\/schema.org","@graph":[{"@type":"WebSite","@id":"https:\/\/internacional.usil.edu.pe\/internacional\/#website","url":"https:\/\/internacional.usil.edu.pe\/internacional\/","name":"USIL INTERNACIONAL","description":"USIL INTERNACIONAL ","potentialAction":[{"@type":"SearchAction","target":{"@type":"EntryPoint","urlTemplate":"https:\/\/internacional.usil.edu.pe\/internacional\/?s={search_term_string}"},"query-input":"required name=search_term_string"}],"inLanguage":"es"},{"@type":"ImageObject","@id":"https:\/\/internacional.usil.edu.pe\/internacional\/es\/programas-online\/newsletter\/#primaryimage","inLanguage":"es","url":"https:\/\/internacional.usil.edu.pe\/internacional\/wp-content\/uploads\/2020\/08\/cusco-1.jpg","contentUrl":"https:\/\/internacional.usil.edu.pe\/internacional\/wp-content\/uploads\/2020\/08\/cusco-1.jpg","width":827,"height":493},{"@type":"WebPage","@id":"https:\/\/internacional.usil.edu.pe\/internacional\/es\/programas-online\/newsletter\/#webpage","url":"https:\/\/internacional.usil.edu.pe\/internacional\/es\/programas-online\/newsletter\/","name":"Newsletter - USIL INTERNACIONAL","isPartOf":{"@id":"https:\/\/internacional.usil.edu.pe\/internacional\/#website"},"primaryImageOfPage":{"@id":"https:\/\/internacional.usil.edu.pe\/internacional\/es\/programas-online\/newsletter\/#primaryimage"},"datePublished":"2020-08-30T15:32:45+00:00","dateModified":"2021-05-27T19:35:00+00:00","breadcrumb":{"@id":"https:\/\/internacional.usil.edu.pe\/internacional\/es\/programas-online\/newsletter\/#breadcrumb"},"inLanguage":"es","potentialAction":[{"@type":"ReadAction","target":["https:\/\/internacional.usil.edu.pe\/internacional\/es\/programas-online\/newsletter\/"]}]},{"@type":"BreadcrumbList","@id":"https:\/\/internacional.usil.edu.pe\/internacional\/es\/programas-online\/newsletter\/#breadcrumb","itemListElement":[{"@type":"ListItem","position":1,"name":"Portada","item":"https:\/\/internacional.usil.edu.pe\/internacional\/es\/"},{"@type":"ListItem","position":2,"name":"USIL Online","item":"https:\/\/internacional.usil.edu.pe\/internacional\/es\/programas-online\/"},{"@type":"ListItem","position":3,"name":"Newsletter"}]}]}},"acf":[],"_links":{"self":[{"href":"https:\/\/internacional.usil.edu.pe\/internacional\/wp-json\/wp\/v2\/pages\/1775"}],"collection":[{"href":"https:\/\/internacional.usil.edu.pe\/internacional\/wp-json\/wp\/v2\/pages"}],"about":[{"href":"https:\/\/internacional.usil.edu.pe\/internacional\/wp-json\/wp\/v2\/types\/page"}],"author":[{"embeddable":true,"href":"https:\/\/internacional.usil.edu.pe\/internacional\/wp-json\/wp\/v2\/users\/1"}],"replies":[{"embeddable":true,"href":"https:\/\/internacional.usil.edu.pe\/internacional\/wp-json\/wp\/v2\/comments?post=1775"}],"version-history":[{"count":16,"href":"https:\/\/internacional.usil.edu.pe\/internacional\/wp-json\/wp\/v2\/pages\/1775\/revisions"}],"predecessor-version":[{"id":4311,"href":"https:\/\/internacional.usil.edu.pe\/internacional\/wp-json\/wp\/v2\/pages\/1775\/revisions\/4311"}],"up":[{"embeddable":true,"href":"https:\/\/internacional.usil.edu.pe\/internacional\/wp-json\/wp\/v2\/pages\/241"}],"wp:featuredmedia":[{"embeddable":true,"href":"https:\/\/internacional.usil.edu.pe\/internacional\/wp-json\/wp\/v2\/media\/1692"}],"wp:attachment":[{"href":"https:\/\/internacional.usil.edu.pe\/internacional\/wp-json\/wp\/v2\/media?parent=1775"}],"curies":[{"name":"wp","href":"https:\/\/api.w.org\/{rel}","templated":true}]}}