{"id":1770,"date":"2020-08-30T15:30:16","date_gmt":"2020-08-30T15:30:16","guid":{"rendered":"https:\/\/internacional.usil.edu.pe\/internacional\/?page_id=1770"},"modified":"2020-10-09T16:41:27","modified_gmt":"2020-10-09T16:41:27","slug":"moocs","status":"publish","type":"page","link":"https:\/\/internacional.usil.edu.pe\/internacional\/programas-online\/moocs\/","title":{"rendered":"MOOCs"},"content":{"rendered":"\n<h2><strong>MOOCs<\/strong><\/h2>\n\n\n\n<hr class=\"wp-block-separator\"\/>\n\n\n\n<p><strong><strong>Contin\u00faa aprendiendo. Avanza en tu desempe\u00f1o personal.<\/strong><\/strong><\/p>\n\n\n\n<p><a href=\"https:\/\/www.instagram.com\/usilinternational\/\" target=\"_blank\" rel=\"noreferrer noopener\">#USILInternational<\/a><\/p>\n\n\n\n<p>USIL desarroll\u00f3 una herramienta de aprendizaje para aportar conocimientos e impulsar las carreras de los estudiantes interesados \u200b\u200ben mejorar su perfil profesional. Una forma diferente de aprender en un entorno similar a una clase en l\u00ednea.<\/p>\n\n\n\n<ul><li>Recursos en l\u00ednea de libre acceso.<\/li><li>Los estudiantes auto organizan su participaci\u00f3n.<\/li><li>Interacci\u00f3n y retroalimentaci\u00f3n entre compa\u00f1eros de aprendizaje.<\/li><\/ul>\n","protected":false},"excerpt":{"rendered":"<p>MOOCs Contin\u00faa aprendiendo. Avanza en tu desempe\u00f1o personal. #USILInternational USIL desarroll\u00f3 una herramienta de aprendizaje para aportar conocimientos e impulsar las carreras de los estudiantes interesados \u200b\u200ben mejorar su perfil profesional. Una forma diferente de aprender en un entorno similar a una clase en l\u00ednea. Recursos en l\u00ednea de libre acceso. Los estudiantes auto organizan [&hellip;]<\/p>\n","protected":false},"author":1,"featured_media":1692,"parent":241,"menu_order":0,"comment_status":"closed","ping_status":"closed","template":"template_programas.php","meta":[],"yoast_head":"<!-- This site is optimized with the Yoast SEO plugin v18.3 - https:\/\/yoast.com\/wordpress\/plugins\/seo\/ -->\n<title>MOOCs - USIL INTERNACIONAL<\/title>\n<meta name=\"robots\" content=\"noindex, follow, max-snippet:-1, max-image-preview:large, max-video-preview:-1\" \/>\n<meta property=\"og:locale\" content=\"es_ES\" \/>\n<meta property=\"og:type\" content=\"article\" \/>\n<meta property=\"og:title\" content=\"MOOCs - USIL INTERNACIONAL\" \/>\n<meta property=\"og:description\" content=\"MOOCs Contin\u00faa aprendiendo. Avanza en tu desempe\u00f1o personal. #USILInternational USIL desarroll\u00f3 una herramienta de aprendizaje para aportar conocimientos e impulsar las carreras de los estudiantes interesados \u200b\u200ben mejorar su perfil profesional. Una forma diferente de aprender en un entorno similar a una clase en l\u00ednea. Recursos en l\u00ednea de libre acceso. Los estudiantes auto organizan [&hellip;]\" \/>\n<meta property=\"og:url\" content=\"https:\/\/internacional.usil.edu.pe\/internacional\/es\/programas-online\/moocs\/\" \/>\n<meta property=\"og:site_name\" content=\"USIL INTERNACIONAL\" \/>\n<meta property=\"article:modified_time\" content=\"2020-10-09T16:41:27+00:00\" \/>\n<meta property=\"og:image\" content=\"https:\/\/internacional.usil.edu.pe\/internacional\/wp-content\/uploads\/2020\/08\/cusco-1.jpg\" \/>\n\t<meta property=\"og:image:width\" content=\"827\" \/>\n\t<meta property=\"og:image:height\" content=\"493\" \/>\n\t<meta property=\"og:image:type\" content=\"image\/jpeg\" \/>\n<meta name=\"twitter:card\" content=\"summary_large_image\" \/>\n<script type=\"application\/ld+json\" class=\"yoast-schema-graph\">{\"@context\":\"https:\/\/schema.org\",\"@graph\":[{\"@type\":\"WebSite\",\"@id\":\"https:\/\/internacional.usil.edu.pe\/internacional\/#website\",\"url\":\"https:\/\/internacional.usil.edu.pe\/internacional\/\",\"name\":\"USIL INTERNACIONAL\",\"description\":\"USIL INTERNACIONAL \",\"potentialAction\":[{\"@type\":\"SearchAction\",\"target\":{\"@type\":\"EntryPoint\",\"urlTemplate\":\"https:\/\/internacional.usil.edu.pe\/internacional\/?s={search_term_string}\"},\"query-input\":\"required name=search_term_string\"}],\"inLanguage\":\"es\"},{\"@type\":\"ImageObject\",\"@id\":\"https:\/\/internacional.usil.edu.pe\/internacional\/es\/programas-online\/moocs\/#primaryimage\",\"inLanguage\":\"es\",\"url\":\"https:\/\/internacional.usil.edu.pe\/internacional\/wp-content\/uploads\/2020\/08\/cusco-1.jpg\",\"contentUrl\":\"https:\/\/internacional.usil.edu.pe\/internacional\/wp-content\/uploads\/2020\/08\/cusco-1.jpg\",\"width\":827,\"height\":493},{\"@type\":\"WebPage\",\"@id\":\"https:\/\/internacional.usil.edu.pe\/internacional\/es\/programas-online\/moocs\/#webpage\",\"url\":\"https:\/\/internacional.usil.edu.pe\/internacional\/es\/programas-online\/moocs\/\",\"name\":\"MOOCs - USIL INTERNACIONAL\",\"isPartOf\":{\"@id\":\"https:\/\/internacional.usil.edu.pe\/internacional\/#website\"},\"primaryImageOfPage\":{\"@id\":\"https:\/\/internacional.usil.edu.pe\/internacional\/es\/programas-online\/moocs\/#primaryimage\"},\"datePublished\":\"2020-08-30T15:30:16+00:00\",\"dateModified\":\"2020-10-09T16:41:27+00:00\",\"breadcrumb\":{\"@id\":\"https:\/\/internacional.usil.edu.pe\/internacional\/es\/programas-online\/moocs\/#breadcrumb\"},\"inLanguage\":\"es\",\"potentialAction\":[{\"@type\":\"ReadAction\",\"target\":[\"https:\/\/internacional.usil.edu.pe\/internacional\/es\/programas-online\/moocs\/\"]}]},{\"@type\":\"BreadcrumbList\",\"@id\":\"https:\/\/internacional.usil.edu.pe\/internacional\/es\/programas-online\/moocs\/#breadcrumb\",\"itemListElement\":[{\"@type\":\"ListItem\",\"position\":1,\"name\":\"Portada\",\"item\":\"https:\/\/internacional.usil.edu.pe\/internacional\/es\/\"},{\"@type\":\"ListItem\",\"position\":2,\"name\":\"USIL Online\",\"item\":\"https:\/\/internacional.usil.edu.pe\/internacional\/es\/programas-online\/\"},{\"@type\":\"ListItem\",\"position\":3,\"name\":\"MOOCs\"}]}]}<\/script>\n<!-- \/ Yoast SEO plugin. -->","yoast_head_json":{"title":"MOOCs - USIL INTERNACIONAL","robots":{"index":"noindex","follow":"follow","max-snippet":"max-snippet:-1","max-image-preview":"max-image-preview:large","max-video-preview":"max-video-preview:-1"},"og_locale":"es_ES","og_type":"article","og_title":"MOOCs - USIL INTERNACIONAL","og_description":"MOOCs Contin\u00faa aprendiendo. Avanza en tu desempe\u00f1o personal. #USILInternational USIL desarroll\u00f3 una herramienta de aprendizaje para aportar conocimientos e impulsar las carreras de los estudiantes interesados \u200b\u200ben mejorar su perfil profesional. Una forma diferente de aprender en un entorno similar a una clase en l\u00ednea. Recursos en l\u00ednea de libre acceso. Los estudiantes auto organizan [&hellip;]","og_url":"https:\/\/internacional.usil.edu.pe\/internacional\/es\/programas-online\/moocs\/","og_site_name":"USIL INTERNACIONAL","article_modified_time":"2020-10-09T16:41:27+00:00","og_image":[{"width":827,"height":493,"url":"https:\/\/internacional.usil.edu.pe\/internacional\/wp-content\/uploads\/2020\/08\/cusco-1.jpg","type":"image\/jpeg"}],"twitter_card":"summary_large_image","schema":{"@context":"https:\/\/schema.org","@graph":[{"@type":"WebSite","@id":"https:\/\/internacional.usil.edu.pe\/internacional\/#website","url":"https:\/\/internacional.usil.edu.pe\/internacional\/","name":"USIL INTERNACIONAL","description":"USIL INTERNACIONAL ","potentialAction":[{"@type":"SearchAction","target":{"@type":"EntryPoint","urlTemplate":"https:\/\/internacional.usil.edu.pe\/internacional\/?s={search_term_string}"},"query-input":"required name=search_term_string"}],"inLanguage":"es"},{"@type":"ImageObject","@id":"https:\/\/internacional.usil.edu.pe\/internacional\/es\/programas-online\/moocs\/#primaryimage","inLanguage":"es","url":"https:\/\/internacional.usil.edu.pe\/internacional\/wp-content\/uploads\/2020\/08\/cusco-1.jpg","contentUrl":"https:\/\/internacional.usil.edu.pe\/internacional\/wp-content\/uploads\/2020\/08\/cusco-1.jpg","width":827,"height":493},{"@type":"WebPage","@id":"https:\/\/internacional.usil.edu.pe\/internacional\/es\/programas-online\/moocs\/#webpage","url":"https:\/\/internacional.usil.edu.pe\/internacional\/es\/programas-online\/moocs\/","name":"MOOCs - USIL INTERNACIONAL","isPartOf":{"@id":"https:\/\/internacional.usil.edu.pe\/internacional\/#website"},"primaryImageOfPage":{"@id":"https:\/\/internacional.usil.edu.pe\/internacional\/es\/programas-online\/moocs\/#primaryimage"},"datePublished":"2020-08-30T15:30:16+00:00","dateModified":"2020-10-09T16:41:27+00:00","breadcrumb":{"@id":"https:\/\/internacional.usil.edu.pe\/internacional\/es\/programas-online\/moocs\/#breadcrumb"},"inLanguage":"es","potentialAction":[{"@type":"ReadAction","target":["https:\/\/internacional.usil.edu.pe\/internacional\/es\/programas-online\/moocs\/"]}]},{"@type":"BreadcrumbList","@id":"https:\/\/internacional.usil.edu.pe\/internacional\/es\/programas-online\/moocs\/#breadcrumb","itemListElement":[{"@type":"ListItem","position":1,"name":"Portada","item":"https:\/\/internacional.usil.edu.pe\/internacional\/es\/"},{"@type":"ListItem","position":2,"name":"USIL Online","item":"https:\/\/internacional.usil.edu.pe\/internacional\/es\/programas-online\/"},{"@type":"ListItem","position":3,"name":"MOOCs"}]}]}},"acf":[],"_links":{"self":[{"href":"https:\/\/internacional.usil.edu.pe\/internacional\/wp-json\/wp\/v2\/pages\/1770"}],"collection":[{"href":"https:\/\/internacional.usil.edu.pe\/internacional\/wp-json\/wp\/v2\/pages"}],"about":[{"href":"https:\/\/internacional.usil.edu.pe\/internacional\/wp-json\/wp\/v2\/types\/page"}],"author":[{"embeddable":true,"href":"https:\/\/internacional.usil.edu.pe\/internacional\/wp-json\/wp\/v2\/users\/1"}],"replies":[{"embeddable":true,"href":"https:\/\/internacional.usil.edu.pe\/internacional\/wp-json\/wp\/v2\/comments?post=1770"}],"version-history":[{"count":11,"href":"https:\/\/internacional.usil.edu.pe\/internacional\/wp-json\/wp\/v2\/pages\/1770\/revisions"}],"predecessor-version":[{"id":4117,"href":"https:\/\/internacional.usil.edu.pe\/internacional\/wp-json\/wp\/v2\/pages\/1770\/revisions\/4117"}],"up":[{"embeddable":true,"href":"https:\/\/internacional.usil.edu.pe\/internacional\/wp-json\/wp\/v2\/pages\/241"}],"wp:featuredmedia":[{"embeddable":true,"href":"https:\/\/internacional.usil.edu.pe\/internacional\/wp-json\/wp\/v2\/media\/1692"}],"wp:attachment":[{"href":"https:\/\/internacional.usil.edu.pe\/internacional\/wp-json\/wp\/v2\/media?parent=1770"}],"curies":[{"name":"wp","href":"https:\/\/api.w.org\/{rel}","templated":true}]}}