{"id":1670,"date":"2020-08-29T13:30:55","date_gmt":"2020-08-29T13:30:55","guid":{"rendered":"https:\/\/internacional.usil.edu.pe\/internacional\/?page_id=1670"},"modified":"2022-05-23T03:07:36","modified_gmt":"2022-05-23T03:07:36","slug":"por-que","status":"publish","type":"page","link":"https:\/\/internacional.usil.edu.pe\/internacional\/estudia-en-usil-cusco\/por-que\/","title":{"rendered":"\u00bfPor qu\u00e9 Cusco?"},"content":{"rendered":"\n<h2>\u00bfPor qu\u00e9 Cusco?<\/h2>\n\n\n\n<hr class=\"wp-block-separator\"\/>\n\n\n\n<p><strong>Cusco, vive la mejor experiencia internacional en la Ciudad Imperial de los Incas.<\/strong><\/p>\n\n\n\n<p>Aprender\u00e1s y mejorar\u00e1s tus habilidades en el idioma espa\u00f1ol.<\/p>\n\n\n\n<p>Experimentar\u00e1s una inmersi\u00f3n cultural \u00fanica.<\/p>\n","protected":false},"excerpt":{"rendered":"<p>\u00bfPor qu\u00e9 Cusco? Cusco, vive la mejor experiencia internacional en la Ciudad Imperial de los Incas. Aprender\u00e1s y mejorar\u00e1s tus habilidades en el idioma espa\u00f1ol. Experimentar\u00e1s una inmersi\u00f3n cultural \u00fanica.<\/p>\n","protected":false},"author":1,"featured_media":1692,"parent":1524,"menu_order":0,"comment_status":"closed","ping_status":"closed","template":"template_usil_cusco.php","meta":[],"yoast_head":"<!-- This site is optimized with the Yoast SEO plugin v18.3 - https:\/\/yoast.com\/wordpress\/plugins\/seo\/ -->\n<title>\u00bfPor qu\u00e9 Cusco? - USIL INTERNACIONAL<\/title>\n<meta name=\"robots\" content=\"noindex, follow, max-snippet:-1, max-image-preview:large, max-video-preview:-1\" \/>\n<meta property=\"og:locale\" content=\"es_ES\" \/>\n<meta property=\"og:type\" content=\"article\" \/>\n<meta property=\"og:title\" content=\"\u00bfPor qu\u00e9 Cusco? - USIL INTERNACIONAL\" \/>\n<meta property=\"og:description\" content=\"\u00bfPor qu\u00e9 Cusco? Cusco, vive la mejor experiencia internacional en la Ciudad Imperial de los Incas. Aprender\u00e1s y mejorar\u00e1s tus habilidades en el idioma espa\u00f1ol. Experimentar\u00e1s una inmersi\u00f3n cultural \u00fanica.\" \/>\n<meta property=\"og:url\" content=\"https:\/\/internacional.usil.edu.pe\/internacional\/es\/estudia-en-usil-cusco\/por-que\/\" \/>\n<meta property=\"og:site_name\" content=\"USIL INTERNACIONAL\" \/>\n<meta property=\"article:modified_time\" content=\"2022-05-23T03:07:36+00:00\" \/>\n<meta property=\"og:image\" content=\"https:\/\/internacional.usil.edu.pe\/internacional\/wp-content\/uploads\/2020\/08\/cusco-1.jpg\" \/>\n\t<meta property=\"og:image:width\" content=\"827\" \/>\n\t<meta property=\"og:image:height\" content=\"493\" \/>\n\t<meta property=\"og:image:type\" content=\"image\/jpeg\" \/>\n<meta name=\"twitter:card\" content=\"summary_large_image\" \/>\n<meta name=\"twitter:label1\" content=\"Tiempo de lectura\" \/>\n\t<meta name=\"twitter:data1\" content=\"1 minuto\" \/>\n<script type=\"application\/ld+json\" class=\"yoast-schema-graph\">{\"@context\":\"https:\/\/schema.org\",\"@graph\":[{\"@type\":\"WebSite\",\"@id\":\"https:\/\/internacional.usil.edu.pe\/internacional\/#website\",\"url\":\"https:\/\/internacional.usil.edu.pe\/internacional\/\",\"name\":\"USIL INTERNACIONAL\",\"description\":\"USIL INTERNACIONAL \",\"potentialAction\":[{\"@type\":\"SearchAction\",\"target\":{\"@type\":\"EntryPoint\",\"urlTemplate\":\"https:\/\/internacional.usil.edu.pe\/internacional\/?s={search_term_string}\"},\"query-input\":\"required name=search_term_string\"}],\"inLanguage\":\"es\"},{\"@type\":\"ImageObject\",\"@id\":\"https:\/\/internacional.usil.edu.pe\/internacional\/es\/estudia-en-usil-cusco\/por-que\/#primaryimage\",\"inLanguage\":\"es\",\"url\":\"https:\/\/internacional.usil.edu.pe\/internacional\/wp-content\/uploads\/2020\/08\/cusco-1.jpg\",\"contentUrl\":\"https:\/\/internacional.usil.edu.pe\/internacional\/wp-content\/uploads\/2020\/08\/cusco-1.jpg\",\"width\":827,\"height\":493},{\"@type\":\"WebPage\",\"@id\":\"https:\/\/internacional.usil.edu.pe\/internacional\/es\/estudia-en-usil-cusco\/por-que\/#webpage\",\"url\":\"https:\/\/internacional.usil.edu.pe\/internacional\/es\/estudia-en-usil-cusco\/por-que\/\",\"name\":\"\u00bfPor qu\u00e9 Cusco? - USIL INTERNACIONAL\",\"isPartOf\":{\"@id\":\"https:\/\/internacional.usil.edu.pe\/internacional\/#website\"},\"primaryImageOfPage\":{\"@id\":\"https:\/\/internacional.usil.edu.pe\/internacional\/es\/estudia-en-usil-cusco\/por-que\/#primaryimage\"},\"datePublished\":\"2020-08-29T13:30:55+00:00\",\"dateModified\":\"2022-05-23T03:07:36+00:00\",\"breadcrumb\":{\"@id\":\"https:\/\/internacional.usil.edu.pe\/internacional\/es\/estudia-en-usil-cusco\/por-que\/#breadcrumb\"},\"inLanguage\":\"es\",\"potentialAction\":[{\"@type\":\"ReadAction\",\"target\":[\"https:\/\/internacional.usil.edu.pe\/internacional\/es\/estudia-en-usil-cusco\/por-que\/\"]}]},{\"@type\":\"BreadcrumbList\",\"@id\":\"https:\/\/internacional.usil.edu.pe\/internacional\/es\/estudia-en-usil-cusco\/por-que\/#breadcrumb\",\"itemListElement\":[{\"@type\":\"ListItem\",\"position\":1,\"name\":\"Portada\",\"item\":\"https:\/\/internacional.usil.edu.pe\/internacional\/es\/\"},{\"@type\":\"ListItem\",\"position\":2,\"name\":\"Estudia en USIL Cusco\",\"item\":\"https:\/\/internacional.usil.edu.pe\/internacional\/study-in-cusco\/\"},{\"@type\":\"ListItem\",\"position\":3,\"name\":\"\u00bfPor qu\u00e9 Cusco?\"}]}]}<\/script>\n<!-- \/ Yoast SEO plugin. -->","yoast_head_json":{"title":"\u00bfPor qu\u00e9 Cusco? - USIL INTERNACIONAL","robots":{"index":"noindex","follow":"follow","max-snippet":"max-snippet:-1","max-image-preview":"max-image-preview:large","max-video-preview":"max-video-preview:-1"},"og_locale":"es_ES","og_type":"article","og_title":"\u00bfPor qu\u00e9 Cusco? - USIL INTERNACIONAL","og_description":"\u00bfPor qu\u00e9 Cusco? Cusco, vive la mejor experiencia internacional en la Ciudad Imperial de los Incas. Aprender\u00e1s y mejorar\u00e1s tus habilidades en el idioma espa\u00f1ol. Experimentar\u00e1s una inmersi\u00f3n cultural \u00fanica.","og_url":"https:\/\/internacional.usil.edu.pe\/internacional\/es\/estudia-en-usil-cusco\/por-que\/","og_site_name":"USIL INTERNACIONAL","article_modified_time":"2022-05-23T03:07:36+00:00","og_image":[{"width":827,"height":493,"url":"https:\/\/internacional.usil.edu.pe\/internacional\/wp-content\/uploads\/2020\/08\/cusco-1.jpg","type":"image\/jpeg"}],"twitter_card":"summary_large_image","twitter_misc":{"Tiempo de lectura":"1 minuto"},"schema":{"@context":"https:\/\/schema.org","@graph":[{"@type":"WebSite","@id":"https:\/\/internacional.usil.edu.pe\/internacional\/#website","url":"https:\/\/internacional.usil.edu.pe\/internacional\/","name":"USIL INTERNACIONAL","description":"USIL INTERNACIONAL ","potentialAction":[{"@type":"SearchAction","target":{"@type":"EntryPoint","urlTemplate":"https:\/\/internacional.usil.edu.pe\/internacional\/?s={search_term_string}"},"query-input":"required name=search_term_string"}],"inLanguage":"es"},{"@type":"ImageObject","@id":"https:\/\/internacional.usil.edu.pe\/internacional\/es\/estudia-en-usil-cusco\/por-que\/#primaryimage","inLanguage":"es","url":"https:\/\/internacional.usil.edu.pe\/internacional\/wp-content\/uploads\/2020\/08\/cusco-1.jpg","contentUrl":"https:\/\/internacional.usil.edu.pe\/internacional\/wp-content\/uploads\/2020\/08\/cusco-1.jpg","width":827,"height":493},{"@type":"WebPage","@id":"https:\/\/internacional.usil.edu.pe\/internacional\/es\/estudia-en-usil-cusco\/por-que\/#webpage","url":"https:\/\/internacional.usil.edu.pe\/internacional\/es\/estudia-en-usil-cusco\/por-que\/","name":"\u00bfPor qu\u00e9 Cusco? - USIL INTERNACIONAL","isPartOf":{"@id":"https:\/\/internacional.usil.edu.pe\/internacional\/#website"},"primaryImageOfPage":{"@id":"https:\/\/internacional.usil.edu.pe\/internacional\/es\/estudia-en-usil-cusco\/por-que\/#primaryimage"},"datePublished":"2020-08-29T13:30:55+00:00","dateModified":"2022-05-23T03:07:36+00:00","breadcrumb":{"@id":"https:\/\/internacional.usil.edu.pe\/internacional\/es\/estudia-en-usil-cusco\/por-que\/#breadcrumb"},"inLanguage":"es","potentialAction":[{"@type":"ReadAction","target":["https:\/\/internacional.usil.edu.pe\/internacional\/es\/estudia-en-usil-cusco\/por-que\/"]}]},{"@type":"BreadcrumbList","@id":"https:\/\/internacional.usil.edu.pe\/internacional\/es\/estudia-en-usil-cusco\/por-que\/#breadcrumb","itemListElement":[{"@type":"ListItem","position":1,"name":"Portada","item":"https:\/\/internacional.usil.edu.pe\/internacional\/es\/"},{"@type":"ListItem","position":2,"name":"Estudia en USIL Cusco","item":"https:\/\/internacional.usil.edu.pe\/internacional\/study-in-cusco\/"},{"@type":"ListItem","position":3,"name":"\u00bfPor qu\u00e9 Cusco?"}]}]}},"acf":[],"_links":{"self":[{"href":"https:\/\/internacional.usil.edu.pe\/internacional\/wp-json\/wp\/v2\/pages\/1670"}],"collection":[{"href":"https:\/\/internacional.usil.edu.pe\/internacional\/wp-json\/wp\/v2\/pages"}],"about":[{"href":"https:\/\/internacional.usil.edu.pe\/internacional\/wp-json\/wp\/v2\/types\/page"}],"author":[{"embeddable":true,"href":"https:\/\/internacional.usil.edu.pe\/internacional\/wp-json\/wp\/v2\/users\/1"}],"replies":[{"embeddable":true,"href":"https:\/\/internacional.usil.edu.pe\/internacional\/wp-json\/wp\/v2\/comments?post=1670"}],"version-history":[{"count":6,"href":"https:\/\/internacional.usil.edu.pe\/internacional\/wp-json\/wp\/v2\/pages\/1670\/revisions"}],"predecessor-version":[{"id":5081,"href":"https:\/\/internacional.usil.edu.pe\/internacional\/wp-json\/wp\/v2\/pages\/1670\/revisions\/5081"}],"up":[{"embeddable":true,"href":"https:\/\/internacional.usil.edu.pe\/internacional\/wp-json\/wp\/v2\/pages\/1524"}],"wp:featuredmedia":[{"embeddable":true,"href":"https:\/\/internacional.usil.edu.pe\/internacional\/wp-json\/wp\/v2\/media\/1692"}],"wp:attachment":[{"href":"https:\/\/internacional.usil.edu.pe\/internacional\/wp-json\/wp\/v2\/media?parent=1670"}],"curies":[{"name":"wp","href":"https:\/\/api.w.org\/{rel}","templated":true}]}}