{"id":1640,"date":"2020-08-29T12:39:49","date_gmt":"2020-08-29T12:39:49","guid":{"rendered":"https:\/\/internacional.usil.edu.pe\/internacional\/?page_id=1640"},"modified":"2020-10-06T23:32:10","modified_gmt":"2020-10-06T23:32:10","slug":"por-que","status":"publish","type":"page","link":"https:\/\/internacional.usil.edu.pe\/internacional\/estudia-en-usil-lima\/por-que\/","title":{"rendered":"\u00bfPor qu\u00e9 Lima?"},"content":{"rendered":"\n<h2>\u00bfPor qu\u00e9 Lima?<\/h2>\n\n\n\n<hr class=\"wp-block-separator\"\/>\n\n\n\n<p class=\"slogan\">Lima, la mejor experiencia internacional e intercultural<\/p>\n\n\n\n<ul><li>Vivir\u00e1s en Lima, Per\u00fa y estudiar\u00e1s en ingl\u00e9s.<\/li><li>Podr\u00e1s aprender y mejorar tus habilidades en el idioma espa\u00f1ol.<\/li><li>Podr\u00e1s experimentar nuestra cultura latinoamericana desde el d\u00eda de tu Bienvenida.<\/li><li>Podr\u00e1s viajar por Sudam\u00e9rica y descubrir Per\u00fa.<\/li><li>\u00a1Ser\u00e1s parte de un grupo de m\u00e1s de 150 estudiantes internacionales de todo el mundo!<\/li><\/ul>\n","protected":false},"excerpt":{"rendered":"<p>\u00bfPor qu\u00e9 Lima? Lima, la mejor experiencia internacional e intercultural Vivir\u00e1s en Lima, Per\u00fa y estudiar\u00e1s en ingl\u00e9s. Podr\u00e1s aprender y mejorar tus habilidades en el idioma espa\u00f1ol. Podr\u00e1s experimentar nuestra cultura latinoamericana desde el d\u00eda de tu Bienvenida. Podr\u00e1s viajar por Sudam\u00e9rica y descubrir Per\u00fa. \u00a1Ser\u00e1s parte de un grupo de m\u00e1s de 150 [&hellip;]<\/p>\n","protected":false},"author":1,"featured_media":1526,"parent":1522,"menu_order":0,"comment_status":"closed","ping_status":"closed","template":"template_usil_lima.php","meta":[],"yoast_head":"<!-- This site is optimized with the Yoast SEO plugin v18.3 - https:\/\/yoast.com\/wordpress\/plugins\/seo\/ -->\n<title>\u00bfPor qu\u00e9 Lima? - USIL INTERNACIONAL<\/title>\n<meta name=\"robots\" content=\"noindex, follow, max-snippet:-1, max-image-preview:large, max-video-preview:-1\" \/>\n<meta property=\"og:locale\" content=\"es_ES\" \/>\n<meta property=\"og:type\" content=\"article\" \/>\n<meta property=\"og:title\" content=\"\u00bfPor qu\u00e9 Lima? - USIL INTERNACIONAL\" \/>\n<meta property=\"og:description\" content=\"\u00bfPor qu\u00e9 Lima? Lima, la mejor experiencia internacional e intercultural Vivir\u00e1s en Lima, Per\u00fa y estudiar\u00e1s en ingl\u00e9s. Podr\u00e1s aprender y mejorar tus habilidades en el idioma espa\u00f1ol. Podr\u00e1s experimentar nuestra cultura latinoamericana desde el d\u00eda de tu Bienvenida. Podr\u00e1s viajar por Sudam\u00e9rica y descubrir Per\u00fa. \u00a1Ser\u00e1s parte de un grupo de m\u00e1s de 150 [&hellip;]\" \/>\n<meta property=\"og:url\" content=\"https:\/\/internacional.usil.edu.pe\/internacional\/es\/estudia-en-usil-lima\/por-que\/\" \/>\n<meta property=\"og:site_name\" content=\"USIL INTERNACIONAL\" \/>\n<meta property=\"article:modified_time\" content=\"2020-10-06T23:32:10+00:00\" \/>\n<meta property=\"og:image\" content=\"https:\/\/internacional.usil.edu.pe\/internacional\/wp-content\/uploads\/2020\/08\/usil-lima.jpg\" \/>\n\t<meta property=\"og:image:width\" content=\"827\" \/>\n\t<meta property=\"og:image:height\" content=\"493\" \/>\n\t<meta property=\"og:image:type\" content=\"image\/jpeg\" \/>\n<meta name=\"twitter:card\" content=\"summary_large_image\" \/>\n<script type=\"application\/ld+json\" class=\"yoast-schema-graph\">{\"@context\":\"https:\/\/schema.org\",\"@graph\":[{\"@type\":\"WebSite\",\"@id\":\"https:\/\/internacional.usil.edu.pe\/internacional\/#website\",\"url\":\"https:\/\/internacional.usil.edu.pe\/internacional\/\",\"name\":\"USIL INTERNACIONAL\",\"description\":\"USIL INTERNACIONAL \",\"potentialAction\":[{\"@type\":\"SearchAction\",\"target\":{\"@type\":\"EntryPoint\",\"urlTemplate\":\"https:\/\/internacional.usil.edu.pe\/internacional\/?s={search_term_string}\"},\"query-input\":\"required name=search_term_string\"}],\"inLanguage\":\"es\"},{\"@type\":\"ImageObject\",\"@id\":\"https:\/\/internacional.usil.edu.pe\/internacional\/es\/estudia-en-usil-lima\/por-que\/#primaryimage\",\"inLanguage\":\"es\",\"url\":\"https:\/\/internacional.usil.edu.pe\/internacional\/wp-content\/uploads\/2020\/08\/usil-lima.jpg\",\"contentUrl\":\"https:\/\/internacional.usil.edu.pe\/internacional\/wp-content\/uploads\/2020\/08\/usil-lima.jpg\",\"width\":827,\"height\":493},{\"@type\":\"WebPage\",\"@id\":\"https:\/\/internacional.usil.edu.pe\/internacional\/es\/estudia-en-usil-lima\/por-que\/#webpage\",\"url\":\"https:\/\/internacional.usil.edu.pe\/internacional\/es\/estudia-en-usil-lima\/por-que\/\",\"name\":\"\u00bfPor qu\u00e9 Lima? - USIL INTERNACIONAL\",\"isPartOf\":{\"@id\":\"https:\/\/internacional.usil.edu.pe\/internacional\/#website\"},\"primaryImageOfPage\":{\"@id\":\"https:\/\/internacional.usil.edu.pe\/internacional\/es\/estudia-en-usil-lima\/por-que\/#primaryimage\"},\"datePublished\":\"2020-08-29T12:39:49+00:00\",\"dateModified\":\"2020-10-06T23:32:10+00:00\",\"breadcrumb\":{\"@id\":\"https:\/\/internacional.usil.edu.pe\/internacional\/es\/estudia-en-usil-lima\/por-que\/#breadcrumb\"},\"inLanguage\":\"es\",\"potentialAction\":[{\"@type\":\"ReadAction\",\"target\":[\"https:\/\/internacional.usil.edu.pe\/internacional\/es\/estudia-en-usil-lima\/por-que\/\"]}]},{\"@type\":\"BreadcrumbList\",\"@id\":\"https:\/\/internacional.usil.edu.pe\/internacional\/es\/estudia-en-usil-lima\/por-que\/#breadcrumb\",\"itemListElement\":[{\"@type\":\"ListItem\",\"position\":1,\"name\":\"Portada\",\"item\":\"https:\/\/internacional.usil.edu.pe\/internacional\/es\/\"},{\"@type\":\"ListItem\",\"position\":2,\"name\":\"Estudia en USIL Lima\",\"item\":\"https:\/\/internacional.usil.edu.pe\/internacional\/study-in-usil-lima\/\"},{\"@type\":\"ListItem\",\"position\":3,\"name\":\"\u00bfPor qu\u00e9 Lima?\"}]}]}<\/script>\n<!-- \/ Yoast SEO plugin. -->","yoast_head_json":{"title":"\u00bfPor qu\u00e9 Lima? - USIL INTERNACIONAL","robots":{"index":"noindex","follow":"follow","max-snippet":"max-snippet:-1","max-image-preview":"max-image-preview:large","max-video-preview":"max-video-preview:-1"},"og_locale":"es_ES","og_type":"article","og_title":"\u00bfPor qu\u00e9 Lima? - USIL INTERNACIONAL","og_description":"\u00bfPor qu\u00e9 Lima? Lima, la mejor experiencia internacional e intercultural Vivir\u00e1s en Lima, Per\u00fa y estudiar\u00e1s en ingl\u00e9s. Podr\u00e1s aprender y mejorar tus habilidades en el idioma espa\u00f1ol. Podr\u00e1s experimentar nuestra cultura latinoamericana desde el d\u00eda de tu Bienvenida. Podr\u00e1s viajar por Sudam\u00e9rica y descubrir Per\u00fa. \u00a1Ser\u00e1s parte de un grupo de m\u00e1s de 150 [&hellip;]","og_url":"https:\/\/internacional.usil.edu.pe\/internacional\/es\/estudia-en-usil-lima\/por-que\/","og_site_name":"USIL INTERNACIONAL","article_modified_time":"2020-10-06T23:32:10+00:00","og_image":[{"width":827,"height":493,"url":"https:\/\/internacional.usil.edu.pe\/internacional\/wp-content\/uploads\/2020\/08\/usil-lima.jpg","type":"image\/jpeg"}],"twitter_card":"summary_large_image","schema":{"@context":"https:\/\/schema.org","@graph":[{"@type":"WebSite","@id":"https:\/\/internacional.usil.edu.pe\/internacional\/#website","url":"https:\/\/internacional.usil.edu.pe\/internacional\/","name":"USIL INTERNACIONAL","description":"USIL INTERNACIONAL ","potentialAction":[{"@type":"SearchAction","target":{"@type":"EntryPoint","urlTemplate":"https:\/\/internacional.usil.edu.pe\/internacional\/?s={search_term_string}"},"query-input":"required name=search_term_string"}],"inLanguage":"es"},{"@type":"ImageObject","@id":"https:\/\/internacional.usil.edu.pe\/internacional\/es\/estudia-en-usil-lima\/por-que\/#primaryimage","inLanguage":"es","url":"https:\/\/internacional.usil.edu.pe\/internacional\/wp-content\/uploads\/2020\/08\/usil-lima.jpg","contentUrl":"https:\/\/internacional.usil.edu.pe\/internacional\/wp-content\/uploads\/2020\/08\/usil-lima.jpg","width":827,"height":493},{"@type":"WebPage","@id":"https:\/\/internacional.usil.edu.pe\/internacional\/es\/estudia-en-usil-lima\/por-que\/#webpage","url":"https:\/\/internacional.usil.edu.pe\/internacional\/es\/estudia-en-usil-lima\/por-que\/","name":"\u00bfPor qu\u00e9 Lima? - USIL INTERNACIONAL","isPartOf":{"@id":"https:\/\/internacional.usil.edu.pe\/internacional\/#website"},"primaryImageOfPage":{"@id":"https:\/\/internacional.usil.edu.pe\/internacional\/es\/estudia-en-usil-lima\/por-que\/#primaryimage"},"datePublished":"2020-08-29T12:39:49+00:00","dateModified":"2020-10-06T23:32:10+00:00","breadcrumb":{"@id":"https:\/\/internacional.usil.edu.pe\/internacional\/es\/estudia-en-usil-lima\/por-que\/#breadcrumb"},"inLanguage":"es","potentialAction":[{"@type":"ReadAction","target":["https:\/\/internacional.usil.edu.pe\/internacional\/es\/estudia-en-usil-lima\/por-que\/"]}]},{"@type":"BreadcrumbList","@id":"https:\/\/internacional.usil.edu.pe\/internacional\/es\/estudia-en-usil-lima\/por-que\/#breadcrumb","itemListElement":[{"@type":"ListItem","position":1,"name":"Portada","item":"https:\/\/internacional.usil.edu.pe\/internacional\/es\/"},{"@type":"ListItem","position":2,"name":"Estudia en USIL Lima","item":"https:\/\/internacional.usil.edu.pe\/internacional\/study-in-usil-lima\/"},{"@type":"ListItem","position":3,"name":"\u00bfPor qu\u00e9 Lima?"}]}]}},"acf":[],"_links":{"self":[{"href":"https:\/\/internacional.usil.edu.pe\/internacional\/wp-json\/wp\/v2\/pages\/1640"}],"collection":[{"href":"https:\/\/internacional.usil.edu.pe\/internacional\/wp-json\/wp\/v2\/pages"}],"about":[{"href":"https:\/\/internacional.usil.edu.pe\/internacional\/wp-json\/wp\/v2\/types\/page"}],"author":[{"embeddable":true,"href":"https:\/\/internacional.usil.edu.pe\/internacional\/wp-json\/wp\/v2\/users\/1"}],"replies":[{"embeddable":true,"href":"https:\/\/internacional.usil.edu.pe\/internacional\/wp-json\/wp\/v2\/comments?post=1640"}],"version-history":[{"count":23,"href":"https:\/\/internacional.usil.edu.pe\/internacional\/wp-json\/wp\/v2\/pages\/1640\/revisions"}],"predecessor-version":[{"id":3933,"href":"https:\/\/internacional.usil.edu.pe\/internacional\/wp-json\/wp\/v2\/pages\/1640\/revisions\/3933"}],"up":[{"embeddable":true,"href":"https:\/\/internacional.usil.edu.pe\/internacional\/wp-json\/wp\/v2\/pages\/1522"}],"wp:featuredmedia":[{"embeddable":true,"href":"https:\/\/internacional.usil.edu.pe\/internacional\/wp-json\/wp\/v2\/media\/1526"}],"wp:attachment":[{"href":"https:\/\/internacional.usil.edu.pe\/internacional\/wp-json\/wp\/v2\/media?parent=1640"}],"curies":[{"name":"wp","href":"https:\/\/api.w.org\/{rel}","templated":true}]}}